{"id":13389,"date":"2023-05-21T23:48:57","date_gmt":"2023-05-21T21:48:57","guid":{"rendered":"https:\/\/eterle.cz\/eshop\/produkt\/porcelanova-vaza-seltmann\/"},"modified":"2025-02-16T02:54:52","modified_gmt":"2025-02-16T01:54:52","slug":"porcelanova-vaza-seltmann","status":"publish","type":"product","link":"https:\/\/eterle.cz\/eshop\/produkt\/porcelanova-vaza-seltmann\/","title":{"rendered":"Porcel\u00e1nov\u00e1 v\u00e1za \/ Seltmann"},"content":{"rendered":"<p>Men\u0161\u00ed porcel\u00e1nov\u00e1 v\u00e1za podzimn\u00edm dekorem l\u00e9taj\u00edc\u00edch kachen \u010di hus, kter\u00e9 jsou velmi detailn\u011b propracovan\u00e9. D\u00edky v\u00fdrazn\u00e9mu zdoben\u00ed bychom do v\u00e1zy volily jednodu\u0161\u0161\u00ed jednodruhov\u00e9 kv\u011btiny.<\/p>\n<p>Stav: perfektn\u00ed<br \/>\nZna\u010dka: Seltmann<br \/>\nRozm\u011br<br \/>\nPr\u016fm\u011br horn\u00ed: 9 cm<br \/>\nV\u00fd\u0161ka: 14 cm<\/p>\n","protected":false},"excerpt":{"rendered":"<p>Men\u0161\u00ed porcel\u00e1nov\u00e1 v\u00e1za podzimn\u00edm dekorem l\u00e9taj\u00edc\u00edch kachen \u010di hus, kter\u00e9 jsou velmi detailn\u011b propracovan\u00e9. D\u00edky v\u00fdrazn\u00e9mu zdoben\u00ed bychom do v\u00e1zy<\/p>\n","protected":false},"featured_media":13390,"template":"","meta":[],"product_brand":[153],"product_cat":[91],"product_tag":[],"class_list":{"0":"post-13389","1":"product","2":"type-product","3":"status-publish","4":"has-post-thumbnail","6":"product_brand-eterle-cz","7":"product_cat-prodane","9":"first","10":"outofstock","11":"purchasable","12":"product-type-simple"},"_links":{"self":[{"href":"https:\/\/eterle.cz\/eshop\/wp-json\/wp\/v2\/product\/13389","targetHints":{"allow":["GET"]}}],"collection":[{"href":"https:\/\/eterle.cz\/eshop\/wp-json\/wp\/v2\/product"}],"about":[{"href":"https:\/\/eterle.cz\/eshop\/wp-json\/wp\/v2\/types\/product"}],"version-history":[{"count":1,"href":"https:\/\/eterle.cz\/eshop\/wp-json\/wp\/v2\/product\/13389\/revisions"}],"predecessor-version":[{"id":17566,"href":"https:\/\/eterle.cz\/eshop\/wp-json\/wp\/v2\/product\/13389\/revisions\/17566"}],"wp:featuredmedia":[{"embeddable":true,"href":"https:\/\/eterle.cz\/eshop\/wp-json\/wp\/v2\/media\/13390"}],"wp:attachment":[{"href":"https:\/\/eterle.cz\/eshop\/wp-json\/wp\/v2\/media?parent=13389"}],"wp:term":[{"taxonomy":"product_brand","embeddable":true,"href":"https:\/\/eterle.cz\/eshop\/wp-json\/wp\/v2\/product_brand?post=13389"},{"taxonomy":"product_cat","embeddable":true,"href":"https:\/\/eterle.cz\/eshop\/wp-json\/wp\/v2\/product_cat?post=13389"},{"taxonomy":"product_tag","embeddable":true,"href":"https:\/\/eterle.cz\/eshop\/wp-json\/wp\/v2\/product_tag?post=13389"}],"curies":[{"name":"wp","href":"https:\/\/api.w.org\/{rel}","templated":true}]}}