{"id":13391,"date":"2023-05-21T23:49:07","date_gmt":"2023-05-21T21:49:07","guid":{"rendered":"https:\/\/eterle.cz\/eshop\/produkt\/porcelanova-vaza-tettau\/"},"modified":"2025-06-24T01:52:39","modified_gmt":"2025-06-23T23:52:39","slug":"porcelanova-vaza-tettau","status":"publish","type":"product","link":"https:\/\/eterle.cz\/eshop\/produkt\/porcelanova-vaza-tettau\/","title":{"rendered":"Porcel\u00e1nov\u00e1 v\u00e1za \/ Tettau"},"content":{"rendered":"<p>V\u00e1za pro milovn\u00edky extravagance. Velmi modern\u00ed ru\u010dn\u011b malovan\u00e1 v\u00e1za asymetrick\u00e9ho tvaru, kter\u00e1 by mohla zaujmout i mu\u017ee.<\/p>\n<p>Stav: perfetkn\u00ed<br \/>\nZna\u010dka: Tettau<br \/>\nRozm\u011br<br \/>\nPr\u016fm\u011br horn\u00ed: 3 cm<br \/>\nV\u00fd\u0161ka: 15 cm<\/p>\n","protected":false},"excerpt":{"rendered":"<p>V\u00e1za pro milovn\u00edky extravagance. Velmi modern\u00ed ru\u010dn\u011b malovan\u00e1 v\u00e1za asymetrick\u00e9ho tvaru, kter\u00e1 by mohla zaujmout i mu\u017ee. Stav: perfetkn\u00ed Zna\u010dka:<\/p>\n","protected":false},"featured_media":13392,"template":"","meta":[],"product_brand":[153],"product_cat":[94],"product_tag":[],"class_list":{"0":"post-13391","1":"product","2":"type-product","3":"status-publish","4":"has-post-thumbnail","6":"product_brand-eterle-cz","7":"product_cat-vazy","9":"first","10":"instock","11":"purchasable","12":"product-type-simple"},"_links":{"self":[{"href":"https:\/\/eterle.cz\/eshop\/wp-json\/wp\/v2\/product\/13391","targetHints":{"allow":["GET"]}}],"collection":[{"href":"https:\/\/eterle.cz\/eshop\/wp-json\/wp\/v2\/product"}],"about":[{"href":"https:\/\/eterle.cz\/eshop\/wp-json\/wp\/v2\/types\/product"}],"version-history":[{"count":1,"href":"https:\/\/eterle.cz\/eshop\/wp-json\/wp\/v2\/product\/13391\/revisions"}],"predecessor-version":[{"id":26168,"href":"https:\/\/eterle.cz\/eshop\/wp-json\/wp\/v2\/product\/13391\/revisions\/26168"}],"wp:featuredmedia":[{"embeddable":true,"href":"https:\/\/eterle.cz\/eshop\/wp-json\/wp\/v2\/media\/13392"}],"wp:attachment":[{"href":"https:\/\/eterle.cz\/eshop\/wp-json\/wp\/v2\/media?parent=13391"}],"wp:term":[{"taxonomy":"product_brand","embeddable":true,"href":"https:\/\/eterle.cz\/eshop\/wp-json\/wp\/v2\/product_brand?post=13391"},{"taxonomy":"product_cat","embeddable":true,"href":"https:\/\/eterle.cz\/eshop\/wp-json\/wp\/v2\/product_cat?post=13391"},{"taxonomy":"product_tag","embeddable":true,"href":"https:\/\/eterle.cz\/eshop\/wp-json\/wp\/v2\/product_tag?post=13391"}],"curies":[{"name":"wp","href":"https:\/\/api.w.org\/{rel}","templated":true}]}}