{"id":13395,"date":"2023-05-21T23:49:31","date_gmt":"2023-05-21T21:49:31","guid":{"rendered":"https:\/\/eterle.cz\/eshop\/produkt\/porcelanova-vaza-heinrich-3\/"},"modified":"2025-02-16T02:54:51","modified_gmt":"2025-02-16T01:54:51","slug":"porcelanova-vaza-heinrich-3","status":"publish","type":"product","link":"https:\/\/eterle.cz\/eshop\/produkt\/porcelanova-vaza-heinrich-3\/","title":{"rendered":"Porcel\u00e1nov\u00e1 v\u00e1za \/ Heinrich"},"content":{"rendered":"<p>Jednoduch\u00e1 v\u00e1za ve tvaru v\u00e1lce s jemn\u00fdm pastelov\u00fdm vzorem list\u016f. Vhodn\u00e1 na vy\u0161\u0161\u00ed jemn\u00e9 kv\u011btiny.<\/p>\n<p>Stav: perfektn\u00ed<br \/>\nZna\u010dka: Heinrich<br \/>\nRozm\u011br<br \/>\nPr\u016fm\u011br horn\u00ed: 6 cm<br \/>\nV\u00fd\u0161ka: 23 cm<\/p>\n","protected":false},"excerpt":{"rendered":"<p>Jednoduch\u00e1 v\u00e1za ve tvaru v\u00e1lce s jemn\u00fdm pastelov\u00fdm vzorem list\u016f. Vhodn\u00e1 na vy\u0161\u0161\u00ed jemn\u00e9 kv\u011btiny. Stav: perfektn\u00ed Zna\u010dka: Heinrich Rozm\u011br<\/p>\n","protected":false},"featured_media":13396,"template":"","meta":[],"product_brand":[153],"product_cat":[91],"product_tag":[],"class_list":{"0":"post-13395","1":"product","2":"type-product","3":"status-publish","4":"has-post-thumbnail","6":"product_brand-eterle-cz","7":"product_cat-prodane","9":"first","10":"outofstock","11":"purchasable","12":"product-type-simple"},"_links":{"self":[{"href":"https:\/\/eterle.cz\/eshop\/wp-json\/wp\/v2\/product\/13395","targetHints":{"allow":["GET"]}}],"collection":[{"href":"https:\/\/eterle.cz\/eshop\/wp-json\/wp\/v2\/product"}],"about":[{"href":"https:\/\/eterle.cz\/eshop\/wp-json\/wp\/v2\/types\/product"}],"version-history":[{"count":1,"href":"https:\/\/eterle.cz\/eshop\/wp-json\/wp\/v2\/product\/13395\/revisions"}],"predecessor-version":[{"id":14434,"href":"https:\/\/eterle.cz\/eshop\/wp-json\/wp\/v2\/product\/13395\/revisions\/14434"}],"wp:featuredmedia":[{"embeddable":true,"href":"https:\/\/eterle.cz\/eshop\/wp-json\/wp\/v2\/media\/13396"}],"wp:attachment":[{"href":"https:\/\/eterle.cz\/eshop\/wp-json\/wp\/v2\/media?parent=13395"}],"wp:term":[{"taxonomy":"product_brand","embeddable":true,"href":"https:\/\/eterle.cz\/eshop\/wp-json\/wp\/v2\/product_brand?post=13395"},{"taxonomy":"product_cat","embeddable":true,"href":"https:\/\/eterle.cz\/eshop\/wp-json\/wp\/v2\/product_cat?post=13395"},{"taxonomy":"product_tag","embeddable":true,"href":"https:\/\/eterle.cz\/eshop\/wp-json\/wp\/v2\/product_tag?post=13395"}],"curies":[{"name":"wp","href":"https:\/\/api.w.org\/{rel}","templated":true}]}}