{"id":13407,"date":"2023-05-21T23:50:33","date_gmt":"2023-05-21T21:50:33","guid":{"rendered":"https:\/\/eterle.cz\/eshop\/produkt\/porcelanova-vaza-arzberg-mala\/"},"modified":"2025-06-24T01:52:39","modified_gmt":"2025-06-23T23:52:39","slug":"porcelanova-vaza-arzberg-mala","status":"publish","type":"product","link":"https:\/\/eterle.cz\/eshop\/produkt\/porcelanova-vaza-arzberg-mala\/","title":{"rendered":"Porcel\u00e1nov\u00e1 v\u00e1za \/ Arzberg mal\u00e1"},"content":{"rendered":"<p>N\u00edzk\u00e1 ov\u00e1ln\u00e1 v\u00e1za od n\u011bmeck\u00e9 porcel\u00e1nky Arzberg je zakon\u010dena jakoby ohnut\u00fdmi pl\u00e1tky kv\u011btin. Zaj\u00edmav\u00fd je dekor kv\u011btiny, kter\u00fd je v proveden\u00ed matn\u00e9 b\u00edl\u00e9 a leskl\u00e9 zlat\u00e9 barvy. Stejnou v\u00e1zu m\u00e1me k dispozici i <span style=\"color: #000000;\"><a style=\"color: #000000;\" href=\"https:\/\/eterle.cz\/eshop\/produkt\/porcelanova-vaza-arzberg-velka\/\">vysokou<\/a><\/span>.<\/p>\n<p>Stav: perfektn\u00ed<br \/>\nZna\u010dka: Arzberg<br \/>\nRozm\u011br<br \/>\nPr\u016fm\u011br otvoru: 8,5 x 4,5 cm<br \/>\nV\u00fd\u0161ka: 11 cm<\/p>\n","protected":false},"excerpt":{"rendered":"<p>N\u00edzk\u00e1 ov\u00e1ln\u00e1 v\u00e1za od n\u011bmeck\u00e9 porcel\u00e1nky Arzberg je zakon\u010dena jakoby ohnut\u00fdmi pl\u00e1tky kv\u011btin. Zaj\u00edmav\u00fd je dekor kv\u011btiny, kter\u00fd je v<\/p>\n","protected":false},"featured_media":13408,"template":"","meta":[],"product_brand":[153],"product_cat":[94],"product_tag":[],"class_list":{"0":"post-13407","1":"product","2":"type-product","3":"status-publish","4":"has-post-thumbnail","6":"product_brand-eterle-cz","7":"product_cat-vazy","9":"first","10":"instock","11":"purchasable","12":"product-type-simple"},"_links":{"self":[{"href":"https:\/\/eterle.cz\/eshop\/wp-json\/wp\/v2\/product\/13407","targetHints":{"allow":["GET"]}}],"collection":[{"href":"https:\/\/eterle.cz\/eshop\/wp-json\/wp\/v2\/product"}],"about":[{"href":"https:\/\/eterle.cz\/eshop\/wp-json\/wp\/v2\/types\/product"}],"version-history":[{"count":2,"href":"https:\/\/eterle.cz\/eshop\/wp-json\/wp\/v2\/product\/13407\/revisions"}],"predecessor-version":[{"id":26165,"href":"https:\/\/eterle.cz\/eshop\/wp-json\/wp\/v2\/product\/13407\/revisions\/26165"}],"wp:featuredmedia":[{"embeddable":true,"href":"https:\/\/eterle.cz\/eshop\/wp-json\/wp\/v2\/media\/13408"}],"wp:attachment":[{"href":"https:\/\/eterle.cz\/eshop\/wp-json\/wp\/v2\/media?parent=13407"}],"wp:term":[{"taxonomy":"product_brand","embeddable":true,"href":"https:\/\/eterle.cz\/eshop\/wp-json\/wp\/v2\/product_brand?post=13407"},{"taxonomy":"product_cat","embeddable":true,"href":"https:\/\/eterle.cz\/eshop\/wp-json\/wp\/v2\/product_cat?post=13407"},{"taxonomy":"product_tag","embeddable":true,"href":"https:\/\/eterle.cz\/eshop\/wp-json\/wp\/v2\/product_tag?post=13407"}],"curies":[{"name":"wp","href":"https:\/\/api.w.org\/{rel}","templated":true}]}}