{"id":13409,"date":"2023-05-21T23:50:43","date_gmt":"2023-05-21T21:50:43","guid":{"rendered":"https:\/\/eterle.cz\/eshop\/produkt\/porcelanova-vaza-arzberg-velka\/"},"modified":"2025-10-11T23:05:58","modified_gmt":"2025-10-11T21:05:58","slug":"porcelanova-vaza-arzberg-velka","status":"publish","type":"product","link":"https:\/\/eterle.cz\/eshop\/produkt\/porcelanova-vaza-arzberg-velka\/","title":{"rendered":"Porcel\u00e1nov\u00e1 v\u00e1za \/ Arzberg velk\u00e1"},"content":{"rendered":"<p>Vysok\u00e1 ov\u00e1ln\u00e1 v\u00e1za od n\u011bmeck\u00e9 porcel\u00e1nky Arzberg je zakon\u010dena jakoby ohnut\u00fdmi pl\u00e1tky kv\u011btin. Zaj\u00edmav\u00fd je dekor kv\u011btiny, kter\u00fd je v proveden\u00ed matn\u00e9 b\u00edl\u00e9 a leskl\u00e9 zlat\u00e9 barvy. Stejnou v\u00e1zu m\u00e1me k dispozici i <span style=\"color: #000000;\"><a style=\"color: #000000;\" href=\"https:\/\/eterle.cz\/eshop\/produkt\/porcelanova-vaza-arzberg-mala\/\">men\u0161\u00ed<\/a><\/span>.<\/p>\n<p>Stav: perfektn\u00ed<br \/>\nZna\u010dka: Arzberg<br \/>\nRozm\u011br<br \/>\nPr\u016fm\u011br otvoru: 11 x 5,5 cm<br \/>\nV\u00fd\u0161ka: 22 cm<\/p>\n","protected":false},"excerpt":{"rendered":"<p>Vysok\u00e1 ov\u00e1ln\u00e1 v\u00e1za od n\u011bmeck\u00e9 porcel\u00e1nky Arzberg je zakon\u010dena jakoby ohnut\u00fdmi pl\u00e1tky kv\u011btin. Zaj\u00edmav\u00fd je dekor kv\u011btiny, kter\u00fd je v<\/p>\n","protected":false},"featured_media":13410,"template":"","meta":[],"product_brand":[153],"product_cat":[91],"product_tag":[],"class_list":{"0":"post-13409","1":"product","2":"type-product","3":"status-publish","4":"has-post-thumbnail","6":"product_brand-eterle-cz","7":"product_cat-prodane","9":"first","10":"outofstock","11":"purchasable","12":"product-type-simple"},"_links":{"self":[{"href":"https:\/\/eterle.cz\/eshop\/wp-json\/wp\/v2\/product\/13409","targetHints":{"allow":["GET"]}}],"collection":[{"href":"https:\/\/eterle.cz\/eshop\/wp-json\/wp\/v2\/product"}],"about":[{"href":"https:\/\/eterle.cz\/eshop\/wp-json\/wp\/v2\/types\/product"}],"version-history":[{"count":1,"href":"https:\/\/eterle.cz\/eshop\/wp-json\/wp\/v2\/product\/13409\/revisions"}],"predecessor-version":[{"id":26164,"href":"https:\/\/eterle.cz\/eshop\/wp-json\/wp\/v2\/product\/13409\/revisions\/26164"}],"wp:featuredmedia":[{"embeddable":true,"href":"https:\/\/eterle.cz\/eshop\/wp-json\/wp\/v2\/media\/13410"}],"wp:attachment":[{"href":"https:\/\/eterle.cz\/eshop\/wp-json\/wp\/v2\/media?parent=13409"}],"wp:term":[{"taxonomy":"product_brand","embeddable":true,"href":"https:\/\/eterle.cz\/eshop\/wp-json\/wp\/v2\/product_brand?post=13409"},{"taxonomy":"product_cat","embeddable":true,"href":"https:\/\/eterle.cz\/eshop\/wp-json\/wp\/v2\/product_cat?post=13409"},{"taxonomy":"product_tag","embeddable":true,"href":"https:\/\/eterle.cz\/eshop\/wp-json\/wp\/v2\/product_tag?post=13409"}],"curies":[{"name":"wp","href":"https:\/\/api.w.org\/{rel}","templated":true}]}}