{"id":13415,"date":"2023-05-21T23:51:10","date_gmt":"2023-05-21T21:51:10","guid":{"rendered":"https:\/\/eterle.cz\/eshop\/produkt\/porcelanova-vaza-hutschenreuter\/"},"modified":"2025-02-16T02:54:48","modified_gmt":"2025-02-16T01:54:48","slug":"porcelanova-vaza-hutschenreuter","status":"publish","type":"product","link":"https:\/\/eterle.cz\/eshop\/produkt\/porcelanova-vaza-hutschenreuter\/","title":{"rendered":"Porcel\u00e1nov\u00e1 v\u00e1za \/Hutschenreuther"},"content":{"rendered":"<p>Velmi atipick\u00e1 v\u00e1za, kter\u00e1 sv\u00fdm tvarem p\u0159ipom\u00edn\u00e1 v\u011btrem prohnut\u00fd list a p\u016fsob\u00ed jako mal\u00e1 socha. Sta\u010d\u00ed, kdy\u017e do n\u00ed um\u00edst\u00edte jednu kv\u011btinu nebo p\u00e1r st\u00e9bel travin.<\/p>\n<p>Stav: perfektn\u00ed<br \/>\nZna\u010dka: Hutschenreuter<br \/>\nRozm\u011br<br \/>\nPr\u016fm\u011br horn\u00ed: 2 x 1 cm<br \/>\nV\u00fd\u0161ka: 14 cm<\/p>\n","protected":false},"excerpt":{"rendered":"<p>Velmi atipick\u00e1 v\u00e1za, kter\u00e1 sv\u00fdm tvarem p\u0159ipom\u00edn\u00e1 v\u011btrem prohnut\u00fd list a p\u016fsob\u00ed jako mal\u00e1 socha. Sta\u010d\u00ed, kdy\u017e do n\u00ed um\u00edst\u00edte<\/p>\n","protected":false},"featured_media":13416,"template":"","meta":[],"product_brand":[153],"product_cat":[91],"product_tag":[],"class_list":{"0":"post-13415","1":"product","2":"type-product","3":"status-publish","4":"has-post-thumbnail","6":"product_brand-eterle-cz","7":"product_cat-prodane","9":"first","10":"outofstock","11":"purchasable","12":"product-type-simple"},"_links":{"self":[{"href":"https:\/\/eterle.cz\/eshop\/wp-json\/wp\/v2\/product\/13415","targetHints":{"allow":["GET"]}}],"collection":[{"href":"https:\/\/eterle.cz\/eshop\/wp-json\/wp\/v2\/product"}],"about":[{"href":"https:\/\/eterle.cz\/eshop\/wp-json\/wp\/v2\/types\/product"}],"version-history":[{"count":0,"href":"https:\/\/eterle.cz\/eshop\/wp-json\/wp\/v2\/product\/13415\/revisions"}],"wp:featuredmedia":[{"embeddable":true,"href":"https:\/\/eterle.cz\/eshop\/wp-json\/wp\/v2\/media\/13416"}],"wp:attachment":[{"href":"https:\/\/eterle.cz\/eshop\/wp-json\/wp\/v2\/media?parent=13415"}],"wp:term":[{"taxonomy":"product_brand","embeddable":true,"href":"https:\/\/eterle.cz\/eshop\/wp-json\/wp\/v2\/product_brand?post=13415"},{"taxonomy":"product_cat","embeddable":true,"href":"https:\/\/eterle.cz\/eshop\/wp-json\/wp\/v2\/product_cat?post=13415"},{"taxonomy":"product_tag","embeddable":true,"href":"https:\/\/eterle.cz\/eshop\/wp-json\/wp\/v2\/product_tag?post=13415"}],"curies":[{"name":"wp","href":"https:\/\/api.w.org\/{rel}","templated":true}]}}