{"id":13419,"date":"2023-05-21T23:51:34","date_gmt":"2023-05-21T21:51:34","guid":{"rendered":"https:\/\/eterle.cz\/eshop\/produkt\/porcelanova-vaza-thomas-7\/"},"modified":"2025-02-16T02:54:47","modified_gmt":"2025-02-16T01:54:47","slug":"porcelanova-vaza-thomas-7","status":"publish","type":"product","link":"https:\/\/eterle.cz\/eshop\/produkt\/porcelanova-vaza-thomas-7\/","title":{"rendered":"Porcel\u00e1nov\u00e1 v\u00e1za \/ Thomas"},"content":{"rendered":"<p>V\u00e1za od n\u011bmeck\u00e9 porcel\u00e1nky Thomas, kter\u00fd je zna\u010dkou ze skupiny Rosenthal, odr\u00e1\u017e\u00ed p\u0159esn\u011b zam\u011b\u0159en\u00ed t\u00e9to porcel\u00e1nky na jednoduch\u00fd stylov\u00fd porcel\u00e1n pro mlad\u00e9.<\/p>\n<p>Stav: v\u00fdborn\u00fd<br \/>\nZna\u010dka: Thomas<br \/>\nRozm\u011br<br \/>\nPr\u016fm\u011br otvoru: 6,5 x 5 cm<br \/>\nV\u00fd\u0161ka: 13 cm<\/p>\n","protected":false},"excerpt":{"rendered":"<p>V\u00e1za od n\u011bmeck\u00e9 porcel\u00e1nky Thomas, kter\u00fd je zna\u010dkou ze skupiny Rosenthal, odr\u00e1\u017e\u00ed p\u0159esn\u011b zam\u011b\u0159en\u00ed t\u00e9to porcel\u00e1nky na jednoduch\u00fd stylov\u00fd porcel\u00e1n<\/p>\n","protected":false},"featured_media":13420,"template":"","meta":[],"product_brand":[153],"product_cat":[91],"product_tag":[],"class_list":{"0":"post-13419","1":"product","2":"type-product","3":"status-publish","4":"has-post-thumbnail","6":"product_brand-eterle-cz","7":"product_cat-prodane","9":"first","10":"outofstock","11":"purchasable","12":"product-type-simple"},"_links":{"self":[{"href":"https:\/\/eterle.cz\/eshop\/wp-json\/wp\/v2\/product\/13419","targetHints":{"allow":["GET"]}}],"collection":[{"href":"https:\/\/eterle.cz\/eshop\/wp-json\/wp\/v2\/product"}],"about":[{"href":"https:\/\/eterle.cz\/eshop\/wp-json\/wp\/v2\/types\/product"}],"version-history":[{"count":0,"href":"https:\/\/eterle.cz\/eshop\/wp-json\/wp\/v2\/product\/13419\/revisions"}],"wp:featuredmedia":[{"embeddable":true,"href":"https:\/\/eterle.cz\/eshop\/wp-json\/wp\/v2\/media\/13420"}],"wp:attachment":[{"href":"https:\/\/eterle.cz\/eshop\/wp-json\/wp\/v2\/media?parent=13419"}],"wp:term":[{"taxonomy":"product_brand","embeddable":true,"href":"https:\/\/eterle.cz\/eshop\/wp-json\/wp\/v2\/product_brand?post=13419"},{"taxonomy":"product_cat","embeddable":true,"href":"https:\/\/eterle.cz\/eshop\/wp-json\/wp\/v2\/product_cat?post=13419"},{"taxonomy":"product_tag","embeddable":true,"href":"https:\/\/eterle.cz\/eshop\/wp-json\/wp\/v2\/product_tag?post=13419"}],"curies":[{"name":"wp","href":"https:\/\/api.w.org\/{rel}","templated":true}]}}