{"id":13421,"date":"2023-05-21T23:51:44","date_gmt":"2023-05-21T21:51:44","guid":{"rendered":"https:\/\/eterle.cz\/eshop\/produkt\/porcelanova-vaza-hutschenreuter-2\/"},"modified":"2025-02-16T02:54:47","modified_gmt":"2025-02-16T01:54:47","slug":"porcelanova-vaza-hutschenreuter-2","status":"publish","type":"product","link":"https:\/\/eterle.cz\/eshop\/produkt\/porcelanova-vaza-hutschenreuter-2\/","title":{"rendered":"Porcel\u00e1nov\u00e1 v\u00e1za \/ Hutschenreuther"},"content":{"rendered":"<p>V\u00e1za pro milovn\u00edky divok\u00e9 p\u0159\u00edrody. Z jedn\u00e9 strany je zdobena plastick\u00fdm orlem a z druh\u00e9 propracovan\u00fdm kaprad\u00edm. Zaj\u00edmavosti na v\u00e1ze dod\u00e1v\u00e1 i proveden\u00ed biscuit.<\/p>\n<p>Stav: dobr\u00fd, dole u dna 3 mm za\u017eloutl\u00e1 linka<br \/>\nZna\u010dka: Hutschenreuter<br \/>\nRozm\u011br<br \/>\nPr\u016fm\u011br horn\u00ed: 6 x 4 cm<br \/>\nV\u00fd\u0161ka: 21 cm<\/p>\n","protected":false},"excerpt":{"rendered":"<p>V\u00e1za pro milovn\u00edky divok\u00e9 p\u0159\u00edrody. Z jedn\u00e9 strany je zdobena plastick\u00fdm orlem a z druh\u00e9 propracovan\u00fdm kaprad\u00edm. Zaj\u00edmavosti na v\u00e1ze<\/p>\n","protected":false},"featured_media":13422,"template":"","meta":[],"product_brand":[153],"product_cat":[91],"product_tag":[],"class_list":{"0":"post-13421","1":"product","2":"type-product","3":"status-publish","4":"has-post-thumbnail","6":"product_brand-eterle-cz","7":"product_cat-prodane","9":"first","10":"outofstock","11":"purchasable","12":"product-type-simple"},"_links":{"self":[{"href":"https:\/\/eterle.cz\/eshop\/wp-json\/wp\/v2\/product\/13421","targetHints":{"allow":["GET"]}}],"collection":[{"href":"https:\/\/eterle.cz\/eshop\/wp-json\/wp\/v2\/product"}],"about":[{"href":"https:\/\/eterle.cz\/eshop\/wp-json\/wp\/v2\/types\/product"}],"version-history":[{"count":0,"href":"https:\/\/eterle.cz\/eshop\/wp-json\/wp\/v2\/product\/13421\/revisions"}],"wp:featuredmedia":[{"embeddable":true,"href":"https:\/\/eterle.cz\/eshop\/wp-json\/wp\/v2\/media\/13422"}],"wp:attachment":[{"href":"https:\/\/eterle.cz\/eshop\/wp-json\/wp\/v2\/media?parent=13421"}],"wp:term":[{"taxonomy":"product_brand","embeddable":true,"href":"https:\/\/eterle.cz\/eshop\/wp-json\/wp\/v2\/product_brand?post=13421"},{"taxonomy":"product_cat","embeddable":true,"href":"https:\/\/eterle.cz\/eshop\/wp-json\/wp\/v2\/product_cat?post=13421"},{"taxonomy":"product_tag","embeddable":true,"href":"https:\/\/eterle.cz\/eshop\/wp-json\/wp\/v2\/product_tag?post=13421"}],"curies":[{"name":"wp","href":"https:\/\/api.w.org\/{rel}","templated":true}]}}