{"id":13423,"date":"2023-05-21T23:51:53","date_gmt":"2023-05-21T21:51:53","guid":{"rendered":"https:\/\/eterle.cz\/eshop\/produkt\/porcelanova-vaza-kaiser-5\/"},"modified":"2025-06-24T01:52:38","modified_gmt":"2025-06-23T23:52:38","slug":"porcelanova-vaza-kaiser-5","status":"publish","type":"product","link":"https:\/\/eterle.cz\/eshop\/produkt\/porcelanova-vaza-kaiser-5\/","title":{"rendered":"Porcel\u00e1nov\u00e1 v\u00e1za \/ Kaiser"},"content":{"rendered":"<p>Porcel\u00e1nov\u00e1 v\u00e1za v proveden\u00ed biscuit od n\u011bmeck\u00e9 porcel\u00e1nky Kaiser vypad\u00e1 jako cesta vylo\u017een\u00e1 obl\u00e1zky vedouc\u00ed na rozkvetlou louku ve va\u0161em pojet\u00ed.<\/p>\n<p>Stav: dobr\u00fd, mal\u00fd o\u0165uk u spodn\u00edho lemu<br \/>\nZna\u010dka: Kaiser<br \/>\nRozm\u011br<br \/>\nPr\u016fm\u011br horn\u00ed: 5,5 cm<br \/>\nV\u00fd\u0161ka: 20 cm<\/p>\n","protected":false},"excerpt":{"rendered":"<p>Porcel\u00e1nov\u00e1 v\u00e1za v proveden\u00ed biscuit od n\u011bmeck\u00e9 porcel\u00e1nky Kaiser vypad\u00e1 jako cesta vylo\u017een\u00e1 obl\u00e1zky vedouc\u00ed na rozkvetlou louku ve va\u0161em<\/p>\n","protected":false},"featured_media":13424,"template":"","meta":[],"product_brand":[153],"product_cat":[94],"product_tag":[],"class_list":{"0":"post-13423","1":"product","2":"type-product","3":"status-publish","4":"has-post-thumbnail","6":"product_brand-eterle-cz","7":"product_cat-vazy","9":"first","10":"instock","11":"purchasable","12":"product-type-simple"},"_links":{"self":[{"href":"https:\/\/eterle.cz\/eshop\/wp-json\/wp\/v2\/product\/13423","targetHints":{"allow":["GET"]}}],"collection":[{"href":"https:\/\/eterle.cz\/eshop\/wp-json\/wp\/v2\/product"}],"about":[{"href":"https:\/\/eterle.cz\/eshop\/wp-json\/wp\/v2\/types\/product"}],"version-history":[{"count":1,"href":"https:\/\/eterle.cz\/eshop\/wp-json\/wp\/v2\/product\/13423\/revisions"}],"predecessor-version":[{"id":26163,"href":"https:\/\/eterle.cz\/eshop\/wp-json\/wp\/v2\/product\/13423\/revisions\/26163"}],"wp:featuredmedia":[{"embeddable":true,"href":"https:\/\/eterle.cz\/eshop\/wp-json\/wp\/v2\/media\/13424"}],"wp:attachment":[{"href":"https:\/\/eterle.cz\/eshop\/wp-json\/wp\/v2\/media?parent=13423"}],"wp:term":[{"taxonomy":"product_brand","embeddable":true,"href":"https:\/\/eterle.cz\/eshop\/wp-json\/wp\/v2\/product_brand?post=13423"},{"taxonomy":"product_cat","embeddable":true,"href":"https:\/\/eterle.cz\/eshop\/wp-json\/wp\/v2\/product_cat?post=13423"},{"taxonomy":"product_tag","embeddable":true,"href":"https:\/\/eterle.cz\/eshop\/wp-json\/wp\/v2\/product_tag?post=13423"}],"curies":[{"name":"wp","href":"https:\/\/api.w.org\/{rel}","templated":true}]}}