{"id":13425,"date":"2023-05-21T23:52:01","date_gmt":"2023-05-21T21:52:01","guid":{"rendered":"https:\/\/eterle.cz\/eshop\/produkt\/porcelanova-vaza-thomas-8\/"},"modified":"2025-06-24T01:52:38","modified_gmt":"2025-06-23T23:52:38","slug":"porcelanova-vaza-thomas-8","status":"publish","type":"product","link":"https:\/\/eterle.cz\/eshop\/produkt\/porcelanova-vaza-thomas-8\/","title":{"rendered":"Porcel\u00e1nov\u00e1 v\u00e1za \/ Thomas"},"content":{"rendered":"<p>V\u011bt\u0161\u00ed ov\u00e1ln\u00e1 v\u00e1za od n\u011bmeck\u00e9 porcel\u00e1nky Thomas, kter\u00fd je zna\u010dkou ze skupiny Rosenthal v proveden\u00ed biscuit m\u00e1 v\u00fdrazn\u00fd plastick\u00fd dekor listu ka\u0161tanu. V\u00e1za je vhodn\u00e1 na vy\u0161\u0161\u00ed kv\u011btiny s bohat\u00fdmi kv\u011bty.<\/p>\n<p>Stav: perfektn\u00ed<br \/>\nZna\u010dka: Thomas<br \/>\nRozm\u011br<br \/>\nPr\u016fm\u011br horn\u00ed: 13 x 6,5 cm<br \/>\nV\u00fd\u0161ka: 24 cm<\/p>\n","protected":false},"excerpt":{"rendered":"<p>V\u011bt\u0161\u00ed ov\u00e1ln\u00e1 v\u00e1za od n\u011bmeck\u00e9 porcel\u00e1nky Thomas, kter\u00fd je zna\u010dkou ze skupiny Rosenthal v proveden\u00ed biscuit m\u00e1 v\u00fdrazn\u00fd plastick\u00fd dekor<\/p>\n","protected":false},"featured_media":13426,"template":"","meta":[],"product_brand":[153],"product_cat":[94],"product_tag":[],"class_list":{"0":"post-13425","1":"product","2":"type-product","3":"status-publish","4":"has-post-thumbnail","6":"product_brand-eterle-cz","7":"product_cat-vazy","9":"first","10":"instock","11":"purchasable","12":"product-type-simple"},"_links":{"self":[{"href":"https:\/\/eterle.cz\/eshop\/wp-json\/wp\/v2\/product\/13425","targetHints":{"allow":["GET"]}}],"collection":[{"href":"https:\/\/eterle.cz\/eshop\/wp-json\/wp\/v2\/product"}],"about":[{"href":"https:\/\/eterle.cz\/eshop\/wp-json\/wp\/v2\/types\/product"}],"version-history":[{"count":1,"href":"https:\/\/eterle.cz\/eshop\/wp-json\/wp\/v2\/product\/13425\/revisions"}],"predecessor-version":[{"id":26162,"href":"https:\/\/eterle.cz\/eshop\/wp-json\/wp\/v2\/product\/13425\/revisions\/26162"}],"wp:featuredmedia":[{"embeddable":true,"href":"https:\/\/eterle.cz\/eshop\/wp-json\/wp\/v2\/media\/13426"}],"wp:attachment":[{"href":"https:\/\/eterle.cz\/eshop\/wp-json\/wp\/v2\/media?parent=13425"}],"wp:term":[{"taxonomy":"product_brand","embeddable":true,"href":"https:\/\/eterle.cz\/eshop\/wp-json\/wp\/v2\/product_brand?post=13425"},{"taxonomy":"product_cat","embeddable":true,"href":"https:\/\/eterle.cz\/eshop\/wp-json\/wp\/v2\/product_cat?post=13425"},{"taxonomy":"product_tag","embeddable":true,"href":"https:\/\/eterle.cz\/eshop\/wp-json\/wp\/v2\/product_tag?post=13425"}],"curies":[{"name":"wp","href":"https:\/\/api.w.org\/{rel}","templated":true}]}}