{"id":13427,"date":"2023-05-21T23:52:10","date_gmt":"2023-05-21T21:52:10","guid":{"rendered":"https:\/\/eterle.cz\/eshop\/produkt\/porcelanova-vaza-seltmann-2\/"},"modified":"2025-02-16T02:54:46","modified_gmt":"2025-02-16T01:54:46","slug":"porcelanova-vaza-seltmann-2","status":"publish","type":"product","link":"https:\/\/eterle.cz\/eshop\/produkt\/porcelanova-vaza-seltmann-2\/","title":{"rendered":"Porcel\u00e1nov\u00e1 v\u00e1za \/ Seltmann"},"content":{"rendered":"<p>Romantick\u00e1 exkluzivn\u00ed v\u00e1za v proveden\u00ed bisquit s motivem kv\u011btin. Tvarem i zdoben\u00edm navozuje atmosf\u00e9ru doby antick\u00e9.<\/p>\n<p>Stav: perfektn\u00ed<br \/>\nZna\u010dka: Selltmann<br \/>\nRozm\u011br<br \/>\nPr\u016fm\u011br horn\u00ed: 10 cm<br \/>\nV\u00fd\u0161ka: 15 cm<\/p>\n","protected":false},"excerpt":{"rendered":"<p>Romantick\u00e1 exkluzivn\u00ed v\u00e1za v proveden\u00ed bisquit s motivem kv\u011btin. Tvarem i zdoben\u00edm navozuje atmosf\u00e9ru doby antick\u00e9. Stav: perfektn\u00ed Zna\u010dka: Selltmann<\/p>\n","protected":false},"featured_media":13428,"template":"","meta":[],"product_brand":[153],"product_cat":[91],"product_tag":[],"class_list":{"0":"post-13427","1":"product","2":"type-product","3":"status-publish","4":"has-post-thumbnail","6":"product_brand-eterle-cz","7":"product_cat-prodane","9":"first","10":"outofstock","11":"purchasable","12":"product-type-simple"},"_links":{"self":[{"href":"https:\/\/eterle.cz\/eshop\/wp-json\/wp\/v2\/product\/13427","targetHints":{"allow":["GET"]}}],"collection":[{"href":"https:\/\/eterle.cz\/eshop\/wp-json\/wp\/v2\/product"}],"about":[{"href":"https:\/\/eterle.cz\/eshop\/wp-json\/wp\/v2\/types\/product"}],"version-history":[{"count":1,"href":"https:\/\/eterle.cz\/eshop\/wp-json\/wp\/v2\/product\/13427\/revisions"}],"predecessor-version":[{"id":14374,"href":"https:\/\/eterle.cz\/eshop\/wp-json\/wp\/v2\/product\/13427\/revisions\/14374"}],"wp:featuredmedia":[{"embeddable":true,"href":"https:\/\/eterle.cz\/eshop\/wp-json\/wp\/v2\/media\/13428"}],"wp:attachment":[{"href":"https:\/\/eterle.cz\/eshop\/wp-json\/wp\/v2\/media?parent=13427"}],"wp:term":[{"taxonomy":"product_brand","embeddable":true,"href":"https:\/\/eterle.cz\/eshop\/wp-json\/wp\/v2\/product_brand?post=13427"},{"taxonomy":"product_cat","embeddable":true,"href":"https:\/\/eterle.cz\/eshop\/wp-json\/wp\/v2\/product_cat?post=13427"},{"taxonomy":"product_tag","embeddable":true,"href":"https:\/\/eterle.cz\/eshop\/wp-json\/wp\/v2\/product_tag?post=13427"}],"curies":[{"name":"wp","href":"https:\/\/api.w.org\/{rel}","templated":true}]}}