{"id":13429,"date":"2023-05-21T23:52:20","date_gmt":"2023-05-21T21:52:20","guid":{"rendered":"https:\/\/eterle.cz\/eshop\/produkt\/sklenena-vaza-9\/"},"modified":"2025-06-24T01:52:38","modified_gmt":"2025-06-23T23:52:38","slug":"sklenena-vaza-9","status":"publish","type":"product","link":"https:\/\/eterle.cz\/eshop\/produkt\/sklenena-vaza-9\/","title":{"rendered":"Sklen\u011bn\u00e1 v\u00e1za"},"content":{"rendered":"<p>Velmi modern\u00ed sklen\u011bn\u00e1 v\u00e1za p\u0159ipom\u00ednaj\u00edc\u00ed rozv\u00edjej\u00edc\u00ed se poup\u011b. Vhodn\u00e1 na jednu kv\u011btinu \u010di v\u00edce drobn\u00fdch vy\u0161\u0161\u00edch kv\u011bt\u016f.<\/p>\n<p>Stav: v\u00fdborn\u00fd<br \/>\nRozm\u011br<br \/>\nPr\u016fm\u011br horn\u00ed: 5 cm<br \/>\nV\u00fd\u0161ka: 31 cm<\/p>\n","protected":false},"excerpt":{"rendered":"<p>Velmi modern\u00ed sklen\u011bn\u00e1 v\u00e1za p\u0159ipom\u00ednaj\u00edc\u00ed rozv\u00edjej\u00edc\u00ed se poup\u011b. Vhodn\u00e1 na jednu kv\u011btinu \u010di v\u00edce drobn\u00fdch vy\u0161\u0161\u00edch kv\u011bt\u016f. Stav: v\u00fdborn\u00fd Rozm\u011br<\/p>\n","protected":false},"featured_media":13430,"template":"","meta":[],"product_brand":[153],"product_cat":[94],"product_tag":[],"class_list":{"0":"post-13429","1":"product","2":"type-product","3":"status-publish","4":"has-post-thumbnail","6":"product_brand-eterle-cz","7":"product_cat-vazy","9":"first","10":"instock","11":"purchasable","12":"product-type-simple"},"_links":{"self":[{"href":"https:\/\/eterle.cz\/eshop\/wp-json\/wp\/v2\/product\/13429","targetHints":{"allow":["GET"]}}],"collection":[{"href":"https:\/\/eterle.cz\/eshop\/wp-json\/wp\/v2\/product"}],"about":[{"href":"https:\/\/eterle.cz\/eshop\/wp-json\/wp\/v2\/types\/product"}],"version-history":[{"count":2,"href":"https:\/\/eterle.cz\/eshop\/wp-json\/wp\/v2\/product\/13429\/revisions"}],"predecessor-version":[{"id":26161,"href":"https:\/\/eterle.cz\/eshop\/wp-json\/wp\/v2\/product\/13429\/revisions\/26161"}],"wp:featuredmedia":[{"embeddable":true,"href":"https:\/\/eterle.cz\/eshop\/wp-json\/wp\/v2\/media\/13430"}],"wp:attachment":[{"href":"https:\/\/eterle.cz\/eshop\/wp-json\/wp\/v2\/media?parent=13429"}],"wp:term":[{"taxonomy":"product_brand","embeddable":true,"href":"https:\/\/eterle.cz\/eshop\/wp-json\/wp\/v2\/product_brand?post=13429"},{"taxonomy":"product_cat","embeddable":true,"href":"https:\/\/eterle.cz\/eshop\/wp-json\/wp\/v2\/product_cat?post=13429"},{"taxonomy":"product_tag","embeddable":true,"href":"https:\/\/eterle.cz\/eshop\/wp-json\/wp\/v2\/product_tag?post=13429"}],"curies":[{"name":"wp","href":"https:\/\/api.w.org\/{rel}","templated":true}]}}