{"id":13433,"date":"2023-05-21T23:52:45","date_gmt":"2023-05-21T21:52:45","guid":{"rendered":"https:\/\/eterle.cz\/eshop\/produkt\/sklenena-vaza-10\/"},"modified":"2025-02-16T02:54:45","modified_gmt":"2025-02-16T01:54:45","slug":"sklenena-vaza-10","status":"publish","type":"product","link":"https:\/\/eterle.cz\/eshop\/produkt\/sklenena-vaza-10\/","title":{"rendered":"Sklen\u011bn\u00e1 v\u00e1za"},"content":{"rendered":"<p>Ba\u0148at\u00e1 v\u00e1za z ml\u00e9\u010dn\u00e9ho skla s dekorem lu\u010dn\u00edch kv\u011bt\u016f p\u016fsob\u00ed n\u011b\u017en\u011b a je vhodn\u00e1 i na v\u011bt\u0161\u00ed objem kv\u011btin.<\/p>\n<p>Stav: velmi dobr\u00fd<br \/>\nRozm\u011br<br \/>\nPr\u016fm\u011br horn\u00ed: 7,5 cm<br \/>\nV\u00fd\u0161ka: 18 cm<\/p>\n","protected":false},"excerpt":{"rendered":"<p>Ba\u0148at\u00e1 v\u00e1za z ml\u00e9\u010dn\u00e9ho skla s dekorem lu\u010dn\u00edch kv\u011bt\u016f p\u016fsob\u00ed n\u011b\u017en\u011b a je vhodn\u00e1 i na v\u011bt\u0161\u00ed objem kv\u011btin. Stav:<\/p>\n","protected":false},"featured_media":13434,"template":"","meta":[],"product_brand":[153],"product_cat":[91],"product_tag":[],"class_list":{"0":"post-13433","1":"product","2":"type-product","3":"status-publish","4":"has-post-thumbnail","6":"product_brand-eterle-cz","7":"product_cat-prodane","9":"first","10":"outofstock","11":"purchasable","12":"product-type-simple"},"_links":{"self":[{"href":"https:\/\/eterle.cz\/eshop\/wp-json\/wp\/v2\/product\/13433","targetHints":{"allow":["GET"]}}],"collection":[{"href":"https:\/\/eterle.cz\/eshop\/wp-json\/wp\/v2\/product"}],"about":[{"href":"https:\/\/eterle.cz\/eshop\/wp-json\/wp\/v2\/types\/product"}],"version-history":[{"count":0,"href":"https:\/\/eterle.cz\/eshop\/wp-json\/wp\/v2\/product\/13433\/revisions"}],"wp:featuredmedia":[{"embeddable":true,"href":"https:\/\/eterle.cz\/eshop\/wp-json\/wp\/v2\/media\/13434"}],"wp:attachment":[{"href":"https:\/\/eterle.cz\/eshop\/wp-json\/wp\/v2\/media?parent=13433"}],"wp:term":[{"taxonomy":"product_brand","embeddable":true,"href":"https:\/\/eterle.cz\/eshop\/wp-json\/wp\/v2\/product_brand?post=13433"},{"taxonomy":"product_cat","embeddable":true,"href":"https:\/\/eterle.cz\/eshop\/wp-json\/wp\/v2\/product_cat?post=13433"},{"taxonomy":"product_tag","embeddable":true,"href":"https:\/\/eterle.cz\/eshop\/wp-json\/wp\/v2\/product_tag?post=13433"}],"curies":[{"name":"wp","href":"https:\/\/api.w.org\/{rel}","templated":true}]}}