{"id":13435,"date":"2023-05-21T23:52:55","date_gmt":"2023-05-21T21:52:55","guid":{"rendered":"https:\/\/eterle.cz\/eshop\/produkt\/sklenena-vaza-11\/"},"modified":"2025-02-16T02:54:44","modified_gmt":"2025-02-16T01:54:44","slug":"sklenena-vaza-11","status":"publish","type":"product","link":"https:\/\/eterle.cz\/eshop\/produkt\/sklenena-vaza-11\/","title":{"rendered":"Sklen\u011bn\u00e1 v\u00e1za"},"content":{"rendered":"<p>V\u00e1za z op\u00e1lov\u00e9ho sla ve tvaru antick\u00e9 amfory je velmi elgantn\u00ed a hod\u00ed se jak do modern\u00edho, tak vintage interi\u00e9ru. Vhodn\u00e1 nejen na vysok\u00e9 kv\u011btiny, ale i na v\u011btve.<\/p>\n<p>Stav: v\u00fdborn\u00fd<br \/>\nRozm\u011br<br \/>\nPr\u016fm\u011br horn\u00ed: 12 cm<br \/>\nV\u00fd\u0161ka: 38 cm<\/p>\n","protected":false},"excerpt":{"rendered":"<p>V\u00e1za z op\u00e1lov\u00e9ho sla ve tvaru antick\u00e9 amfory je velmi elgantn\u00ed a hod\u00ed se jak do modern\u00edho, tak vintage interi\u00e9ru.<\/p>\n","protected":false},"featured_media":13436,"template":"","meta":[],"product_brand":[153],"product_cat":[91],"product_tag":[],"class_list":{"0":"post-13435","1":"product","2":"type-product","3":"status-publish","4":"has-post-thumbnail","6":"product_brand-eterle-cz","7":"product_cat-prodane","9":"first","10":"outofstock","11":"purchasable","12":"product-type-simple"},"_links":{"self":[{"href":"https:\/\/eterle.cz\/eshop\/wp-json\/wp\/v2\/product\/13435","targetHints":{"allow":["GET"]}}],"collection":[{"href":"https:\/\/eterle.cz\/eshop\/wp-json\/wp\/v2\/product"}],"about":[{"href":"https:\/\/eterle.cz\/eshop\/wp-json\/wp\/v2\/types\/product"}],"version-history":[{"count":0,"href":"https:\/\/eterle.cz\/eshop\/wp-json\/wp\/v2\/product\/13435\/revisions"}],"wp:featuredmedia":[{"embeddable":true,"href":"https:\/\/eterle.cz\/eshop\/wp-json\/wp\/v2\/media\/13436"}],"wp:attachment":[{"href":"https:\/\/eterle.cz\/eshop\/wp-json\/wp\/v2\/media?parent=13435"}],"wp:term":[{"taxonomy":"product_brand","embeddable":true,"href":"https:\/\/eterle.cz\/eshop\/wp-json\/wp\/v2\/product_brand?post=13435"},{"taxonomy":"product_cat","embeddable":true,"href":"https:\/\/eterle.cz\/eshop\/wp-json\/wp\/v2\/product_cat?post=13435"},{"taxonomy":"product_tag","embeddable":true,"href":"https:\/\/eterle.cz\/eshop\/wp-json\/wp\/v2\/product_tag?post=13435"}],"curies":[{"name":"wp","href":"https:\/\/api.w.org\/{rel}","templated":true}]}}