{"id":13437,"date":"2023-05-21T23:53:04","date_gmt":"2023-05-21T21:53:04","guid":{"rendered":"https:\/\/eterle.cz\/eshop\/produkt\/mala-sklenena-vaza\/"},"modified":"2025-02-16T02:54:44","modified_gmt":"2025-02-16T01:54:44","slug":"mala-sklenena-vaza","status":"publish","type":"product","link":"https:\/\/eterle.cz\/eshop\/produkt\/mala-sklenena-vaza\/","title":{"rendered":"Mal\u00e1 sklen\u011bn\u00e1 v\u00e1za"},"content":{"rendered":"<p>Men\u0161\u00ed sklen\u011bn\u00e1 v\u00e1za dobru\u0161ovan\u00e1 ve stylu Moser. P\u016fsob\u00ed velmi elegantn\u011b a slu\u0161et to v n\u00ed bude nap\u0159\u00edkald v\u011bt\u0161\u00edmu mno\u017estv\u00ed aster.<\/p>\n<p>Stav: v\u00fdborn\u00fd<br \/>\nRozm\u011br<br \/>\nPr\u016fm\u011br horn\u00ed: 5 cm<br \/>\nV\u00fd\u0161ka: 12 cm<\/p>\n","protected":false},"excerpt":{"rendered":"<p>Men\u0161\u00ed sklen\u011bn\u00e1 v\u00e1za dobru\u0161ovan\u00e1 ve stylu Moser. P\u016fsob\u00ed velmi elegantn\u011b a slu\u0161et to v n\u00ed bude nap\u0159\u00edkald v\u011bt\u0161\u00edmu mno\u017estv\u00ed aster.<\/p>\n","protected":false},"featured_media":13438,"template":"","meta":[],"product_brand":[153],"product_cat":[91],"product_tag":[],"class_list":{"0":"post-13437","1":"product","2":"type-product","3":"status-publish","4":"has-post-thumbnail","6":"product_brand-eterle-cz","7":"product_cat-prodane","9":"first","10":"outofstock","11":"purchasable","12":"product-type-simple"},"_links":{"self":[{"href":"https:\/\/eterle.cz\/eshop\/wp-json\/wp\/v2\/product\/13437","targetHints":{"allow":["GET"]}}],"collection":[{"href":"https:\/\/eterle.cz\/eshop\/wp-json\/wp\/v2\/product"}],"about":[{"href":"https:\/\/eterle.cz\/eshop\/wp-json\/wp\/v2\/types\/product"}],"version-history":[{"count":1,"href":"https:\/\/eterle.cz\/eshop\/wp-json\/wp\/v2\/product\/13437\/revisions"}],"predecessor-version":[{"id":13767,"href":"https:\/\/eterle.cz\/eshop\/wp-json\/wp\/v2\/product\/13437\/revisions\/13767"}],"wp:featuredmedia":[{"embeddable":true,"href":"https:\/\/eterle.cz\/eshop\/wp-json\/wp\/v2\/media\/13438"}],"wp:attachment":[{"href":"https:\/\/eterle.cz\/eshop\/wp-json\/wp\/v2\/media?parent=13437"}],"wp:term":[{"taxonomy":"product_brand","embeddable":true,"href":"https:\/\/eterle.cz\/eshop\/wp-json\/wp\/v2\/product_brand?post=13437"},{"taxonomy":"product_cat","embeddable":true,"href":"https:\/\/eterle.cz\/eshop\/wp-json\/wp\/v2\/product_cat?post=13437"},{"taxonomy":"product_tag","embeddable":true,"href":"https:\/\/eterle.cz\/eshop\/wp-json\/wp\/v2\/product_tag?post=13437"}],"curies":[{"name":"wp","href":"https:\/\/api.w.org\/{rel}","templated":true}]}}