{"id":13439,"date":"2023-05-21T23:53:14","date_gmt":"2023-05-21T21:53:14","guid":{"rendered":"https:\/\/eterle.cz\/eshop\/produkt\/lita-vaza-4\/"},"modified":"2025-02-16T02:54:44","modified_gmt":"2025-02-16T01:54:44","slug":"lita-vaza-4","status":"publish","type":"product","link":"https:\/\/eterle.cz\/eshop\/produkt\/lita-vaza-4\/","title":{"rendered":"Lit\u00e1 v\u00e1za"},"content":{"rendered":"<p>Lit\u00e1 v\u00e1za ze 70. let minul\u00e9ho stolet\u00ed pravd\u011bpodobn\u011b z Francie. Zdobena je po cel\u00e9 plo\u0161e plastick\u00fdm dekorem ve tvaru list\u016f, hrdlo je zakon\u010deno do deseti c\u00edp\u016f \u0161pi\u010dek list\u016f. Tato v\u00e1za pojme velk\u00fd pug\u00e9t pestr\u00fdch kv\u011btin.<\/p>\n<p>Stav: v\u00fdborn\u00fd<br \/>\nRozm\u011br<br \/>\nPr\u016fm\u011br horn\u00ed: 12 cm<br \/>\nV\u00fd\u0161ka: 24 cm<\/p>\n","protected":false},"excerpt":{"rendered":"<p>Lit\u00e1 v\u00e1za ze 70. let minul\u00e9ho stolet\u00ed pravd\u011bpodobn\u011b z Francie. Zdobena je po cel\u00e9 plo\u0161e plastick\u00fdm dekorem ve tvaru list\u016f,<\/p>\n","protected":false},"featured_media":13440,"template":"","meta":[],"product_brand":[153],"product_cat":[91],"product_tag":[],"class_list":{"0":"post-13439","1":"product","2":"type-product","3":"status-publish","4":"has-post-thumbnail","6":"product_brand-eterle-cz","7":"product_cat-prodane","9":"first","10":"outofstock","11":"purchasable","12":"product-type-simple"},"_links":{"self":[{"href":"https:\/\/eterle.cz\/eshop\/wp-json\/wp\/v2\/product\/13439","targetHints":{"allow":["GET"]}}],"collection":[{"href":"https:\/\/eterle.cz\/eshop\/wp-json\/wp\/v2\/product"}],"about":[{"href":"https:\/\/eterle.cz\/eshop\/wp-json\/wp\/v2\/types\/product"}],"version-history":[{"count":1,"href":"https:\/\/eterle.cz\/eshop\/wp-json\/wp\/v2\/product\/13439\/revisions"}],"predecessor-version":[{"id":13705,"href":"https:\/\/eterle.cz\/eshop\/wp-json\/wp\/v2\/product\/13439\/revisions\/13705"}],"wp:featuredmedia":[{"embeddable":true,"href":"https:\/\/eterle.cz\/eshop\/wp-json\/wp\/v2\/media\/13440"}],"wp:attachment":[{"href":"https:\/\/eterle.cz\/eshop\/wp-json\/wp\/v2\/media?parent=13439"}],"wp:term":[{"taxonomy":"product_brand","embeddable":true,"href":"https:\/\/eterle.cz\/eshop\/wp-json\/wp\/v2\/product_brand?post=13439"},{"taxonomy":"product_cat","embeddable":true,"href":"https:\/\/eterle.cz\/eshop\/wp-json\/wp\/v2\/product_cat?post=13439"},{"taxonomy":"product_tag","embeddable":true,"href":"https:\/\/eterle.cz\/eshop\/wp-json\/wp\/v2\/product_tag?post=13439"}],"curies":[{"name":"wp","href":"https:\/\/api.w.org\/{rel}","templated":true}]}}