{"id":13441,"date":"2023-05-21T23:53:23","date_gmt":"2023-05-21T21:53:23","guid":{"rendered":"https:\/\/eterle.cz\/eshop\/produkt\/brousena-vaza-3\/"},"modified":"2025-06-24T01:52:38","modified_gmt":"2025-06-23T23:52:38","slug":"brousena-vaza-3","status":"publish","type":"product","link":"https:\/\/eterle.cz\/eshop\/produkt\/brousena-vaza-3\/","title":{"rendered":"Brou\u0161en\u00e1 v\u00e1za"},"content":{"rendered":"<p>Brou\u0161en\u00e1 v\u00e1za v\u00e1lcovit\u00e9ho tvaru, kde spodn\u00ed \u010d\u00e1st je brou\u0161ena do geometrick\u00fdch tvar\u016f a horn\u00ed \u010d\u00e1st zjem\u0148uje flor\u00e1ln\u00ed motiv. Na st\u0159edu kv\u011btiny je vybrou\u0161ena mnohoc\u00edp\u00e1 hv\u011bzda. V\u00e1za je vhodn\u00e1 na nej\u010dast\u011bj\u0161\u00ed v\u00fd\u0161ku kv\u011btin.<\/p>\n<p>Stav: v\u00fdborn\u00fd<br \/>\nRozm\u011br<br \/>\nPr\u016fm\u011br horn\u00ed: 6 cm<br \/>\nV\u00fd\u0161ka: 20 cm<\/p>\n","protected":false},"excerpt":{"rendered":"<p>Brou\u0161en\u00e1 v\u00e1za v\u00e1lcovit\u00e9ho tvaru, kde spodn\u00ed \u010d\u00e1st je brou\u0161ena do geometrick\u00fdch tvar\u016f a horn\u00ed \u010d\u00e1st zjem\u0148uje flor\u00e1ln\u00ed motiv. Na st\u0159edu<\/p>\n","protected":false},"featured_media":13442,"template":"","meta":[],"product_brand":[153],"product_cat":[94],"product_tag":[],"class_list":{"0":"post-13441","1":"product","2":"type-product","3":"status-publish","4":"has-post-thumbnail","6":"product_brand-eterle-cz","7":"product_cat-vazy","9":"first","10":"instock","11":"purchasable","12":"product-type-simple"},"_links":{"self":[{"href":"https:\/\/eterle.cz\/eshop\/wp-json\/wp\/v2\/product\/13441","targetHints":{"allow":["GET"]}}],"collection":[{"href":"https:\/\/eterle.cz\/eshop\/wp-json\/wp\/v2\/product"}],"about":[{"href":"https:\/\/eterle.cz\/eshop\/wp-json\/wp\/v2\/types\/product"}],"version-history":[{"count":2,"href":"https:\/\/eterle.cz\/eshop\/wp-json\/wp\/v2\/product\/13441\/revisions"}],"predecessor-version":[{"id":26160,"href":"https:\/\/eterle.cz\/eshop\/wp-json\/wp\/v2\/product\/13441\/revisions\/26160"}],"wp:featuredmedia":[{"embeddable":true,"href":"https:\/\/eterle.cz\/eshop\/wp-json\/wp\/v2\/media\/13442"}],"wp:attachment":[{"href":"https:\/\/eterle.cz\/eshop\/wp-json\/wp\/v2\/media?parent=13441"}],"wp:term":[{"taxonomy":"product_brand","embeddable":true,"href":"https:\/\/eterle.cz\/eshop\/wp-json\/wp\/v2\/product_brand?post=13441"},{"taxonomy":"product_cat","embeddable":true,"href":"https:\/\/eterle.cz\/eshop\/wp-json\/wp\/v2\/product_cat?post=13441"},{"taxonomy":"product_tag","embeddable":true,"href":"https:\/\/eterle.cz\/eshop\/wp-json\/wp\/v2\/product_tag?post=13441"}],"curies":[{"name":"wp","href":"https:\/\/api.w.org\/{rel}","templated":true}]}}