{"id":13780,"date":"2023-08-01T01:56:41","date_gmt":"2023-07-31T23:56:41","guid":{"rendered":"https:\/\/eterle.cz\/eshop\/produkt\/psaci-stul-30-leta\/"},"modified":"2025-02-16T02:54:43","modified_gmt":"2025-02-16T01:54:43","slug":"psaci-stul-30-leta","status":"publish","type":"product","link":"https:\/\/eterle.cz\/eshop\/produkt\/psaci-stul-30-leta\/","title":{"rendered":"Psac\u00ed st\u016fl 30. l\u00e9ta"},"content":{"rendered":"<p>Psac\u00ed st\u016fl z 30. let p\u016fvodn\u011b pro p\u00edsa\u0159ku je vhodn\u00fd jako d\u011btsk\u00fd psac\u00ed st\u016fl, ale i do men\u0161\u00ed dom\u00e1c\u00ed pracovny pro dosp\u011bl\u00e9. Elegantn\u00ed spojen\u00ed kovu a \u010dern\u00fdch matn\u00fdch desek s hn\u011bd\u00fdm akcentem na hran\u00e1ch jist\u011b upot\u00e1 pozornost.<\/p>\n<p>Stav: chrom vy\u010di\u0161t\u011bn, horn\u00ed deska nov\u00e1, \u0161up\u00edky nov\u00e9 bo\u010dnice a horn\u00ed deska, dva vl\u00e1se\u010dnicov\u00e9 \u0161k\u00e1bance na horn\u00ed desce \u0161uplat<br \/>\nRozm\u011br<br \/>\nV\u00fd\u0161ka: 69 cm<br \/>\nHloubka: 59  cm<br \/>\nD\u00e9lka: 90 cm<\/p>\n","protected":false},"excerpt":{"rendered":"<p>Psac\u00ed st\u016fl z 30. let p\u016fvodn\u011b pro p\u00edsa\u0159ku je vhodn\u00fd jako d\u011btsk\u00fd psac\u00ed st\u016fl, ale i do men\u0161\u00ed dom\u00e1c\u00ed pracovny<\/p>\n","protected":false},"featured_media":13781,"template":"","meta":[],"product_brand":[153],"product_cat":[91],"product_tag":[],"class_list":{"0":"post-13780","1":"product","2":"type-product","3":"status-publish","4":"has-post-thumbnail","6":"product_brand-eterle-cz","7":"product_cat-prodane","8":"product_shipping_class-nadrozmerne","10":"first","11":"outofstock","12":"purchasable","13":"product-type-simple"},"_links":{"self":[{"href":"https:\/\/eterle.cz\/eshop\/wp-json\/wp\/v2\/product\/13780","targetHints":{"allow":["GET"]}}],"collection":[{"href":"https:\/\/eterle.cz\/eshop\/wp-json\/wp\/v2\/product"}],"about":[{"href":"https:\/\/eterle.cz\/eshop\/wp-json\/wp\/v2\/types\/product"}],"version-history":[{"count":0,"href":"https:\/\/eterle.cz\/eshop\/wp-json\/wp\/v2\/product\/13780\/revisions"}],"wp:featuredmedia":[{"embeddable":true,"href":"https:\/\/eterle.cz\/eshop\/wp-json\/wp\/v2\/media\/13781"}],"wp:attachment":[{"href":"https:\/\/eterle.cz\/eshop\/wp-json\/wp\/v2\/media?parent=13780"}],"wp:term":[{"taxonomy":"product_brand","embeddable":true,"href":"https:\/\/eterle.cz\/eshop\/wp-json\/wp\/v2\/product_brand?post=13780"},{"taxonomy":"product_cat","embeddable":true,"href":"https:\/\/eterle.cz\/eshop\/wp-json\/wp\/v2\/product_cat?post=13780"},{"taxonomy":"product_tag","embeddable":true,"href":"https:\/\/eterle.cz\/eshop\/wp-json\/wp\/v2\/product_tag?post=13780"}],"curies":[{"name":"wp","href":"https:\/\/api.w.org\/{rel}","templated":true}]}}