{"id":13814,"date":"2023-08-01T01:57:44","date_gmt":"2023-07-31T23:57:44","guid":{"rendered":"https:\/\/eterle.cz\/eshop\/produkt\/taburet-kostka\/"},"modified":"2025-05-22T16:43:43","modified_gmt":"2025-05-22T14:43:43","slug":"taburet-kostka","status":"publish","type":"product","link":"https:\/\/eterle.cz\/eshop\/produkt\/taburet-kostka\/","title":{"rendered":"Taburet kostka"},"content":{"rendered":"<p>Jednoduch\u00e1 kostka vhodn\u00e1 i do modern\u00edho interi\u00e9ru. K dispozici m\u00e1me ve stejn\u00e9m proveden\u00ed i <a href=\"https:\/\/eterle.cz\/eshop\/produkt\/kreslo-kovova-konstrukce\/\"><span style=\"color: #000000;\">k\u0159esla<\/span><\/a>.<\/p>\n<p>Stav: v\u00fdborn\u00fd p\u016fvodn\u00ed stav<br \/>\nRozm\u011br<br \/>\nV\u00fd\u0161ka: 38 cm<br \/>\nSed\u00e1k: 39 x 39 cm<\/p>\n","protected":false},"excerpt":{"rendered":"<p>Jednoduch\u00e1 kostka vhodn\u00e1 i do modern\u00edho interi\u00e9ru. K dispozici m\u00e1me ve stejn\u00e9m proveden\u00ed i k\u0159esla. Stav: v\u00fdborn\u00fd p\u016fvodn\u00ed stav Rozm\u011br<\/p>\n","protected":false},"featured_media":13815,"template":"","meta":[],"product_brand":[153],"product_cat":[91],"product_tag":[],"class_list":{"0":"post-13814","1":"product","2":"type-product","3":"status-publish","4":"has-post-thumbnail","6":"product_brand-eterle-cz","7":"product_cat-prodane","8":"product_shipping_class-nadrozmerne","10":"first","11":"outofstock","12":"purchasable","13":"product-type-simple"},"_links":{"self":[{"href":"https:\/\/eterle.cz\/eshop\/wp-json\/wp\/v2\/product\/13814","targetHints":{"allow":["GET"]}}],"collection":[{"href":"https:\/\/eterle.cz\/eshop\/wp-json\/wp\/v2\/product"}],"about":[{"href":"https:\/\/eterle.cz\/eshop\/wp-json\/wp\/v2\/types\/product"}],"version-history":[{"count":2,"href":"https:\/\/eterle.cz\/eshop\/wp-json\/wp\/v2\/product\/13814\/revisions"}],"predecessor-version":[{"id":24575,"href":"https:\/\/eterle.cz\/eshop\/wp-json\/wp\/v2\/product\/13814\/revisions\/24575"}],"wp:featuredmedia":[{"embeddable":true,"href":"https:\/\/eterle.cz\/eshop\/wp-json\/wp\/v2\/media\/13815"}],"wp:attachment":[{"href":"https:\/\/eterle.cz\/eshop\/wp-json\/wp\/v2\/media?parent=13814"}],"wp:term":[{"taxonomy":"product_brand","embeddable":true,"href":"https:\/\/eterle.cz\/eshop\/wp-json\/wp\/v2\/product_brand?post=13814"},{"taxonomy":"product_cat","embeddable":true,"href":"https:\/\/eterle.cz\/eshop\/wp-json\/wp\/v2\/product_cat?post=13814"},{"taxonomy":"product_tag","embeddable":true,"href":"https:\/\/eterle.cz\/eshop\/wp-json\/wp\/v2\/product_tag?post=13814"}],"curies":[{"name":"wp","href":"https:\/\/api.w.org\/{rel}","templated":true}]}}