{"id":13819,"date":"2023-08-01T01:57:53","date_gmt":"2023-07-31T23:57:53","guid":{"rendered":"https:\/\/eterle.cz\/eshop\/produkt\/kreslo-po-renovaci-5\/"},"modified":"2025-02-16T02:54:41","modified_gmt":"2025-02-16T01:54:41","slug":"kreslo-po-renovaci-5","status":"publish","type":"product","link":"https:\/\/eterle.cz\/eshop\/produkt\/kreslo-po-renovaci-5\/","title":{"rendered":"K\u0159eslo po renovaci"},"content":{"rendered":"<p>K\u0159eslo je nov\u011b \u010daloun\u011bn\u00e9 v barv\u011b mo\u0159sk\u00e9 hlubiny, stejn\u011b tak d\u0159evo pro\u0161lo renovac\u00ed. Id\u00e1ln\u00ed do \u010dtec\u00edho koutku pro kohokoliv, ale i do kancel\u00e1\u0159e pro n\u00e1v\u0161t\u011bvy. Bude skovstem ka\u017ed\u00e9ho interi\u00e9ru.<\/p>\n<p>Stav: \u010d\u00e1stne\u010dn\u00e1 renovace \u2013 p\u016fvodn\u00ed vnit\u0159ek, nov\u00e9 \u010daloun\u011bn\u00ed a renovace d\u0159eva<br \/>\nRozm\u011br<br \/>\nV\u00fd\u0161ka celkov\u00e1: 85 cm<br \/>\n\u0160\u00ed\u0159ka celkov\u00e1: 57 cm<br \/>\nV\u00fd\u0161ka sed\u00e1ku: 40 cm<br \/>\n\u0160\u00ed\u0159ka sed\u00e1ku: 47 cm<br \/>\nHloubka sed\u00e1ku: 48 cm<\/p>\n","protected":false},"excerpt":{"rendered":"<p>K\u0159eslo je nov\u011b \u010daloun\u011bn\u00e9 v barv\u011b mo\u0159sk\u00e9 hlubiny, stejn\u011b tak d\u0159evo pro\u0161lo renovac\u00ed. Id\u00e1ln\u00ed do \u010dtec\u00edho koutku pro kohokoliv, ale<\/p>\n","protected":false},"featured_media":13820,"template":"","meta":[],"product_brand":[153],"product_cat":[91],"product_tag":[],"class_list":{"0":"post-13819","1":"product","2":"type-product","3":"status-publish","4":"has-post-thumbnail","6":"product_brand-eterle-cz","7":"product_cat-prodane","8":"product_shipping_class-nadrozmerne","10":"first","11":"outofstock","12":"purchasable","13":"product-type-simple"},"_links":{"self":[{"href":"https:\/\/eterle.cz\/eshop\/wp-json\/wp\/v2\/product\/13819","targetHints":{"allow":["GET"]}}],"collection":[{"href":"https:\/\/eterle.cz\/eshop\/wp-json\/wp\/v2\/product"}],"about":[{"href":"https:\/\/eterle.cz\/eshop\/wp-json\/wp\/v2\/types\/product"}],"version-history":[{"count":0,"href":"https:\/\/eterle.cz\/eshop\/wp-json\/wp\/v2\/product\/13819\/revisions"}],"wp:featuredmedia":[{"embeddable":true,"href":"https:\/\/eterle.cz\/eshop\/wp-json\/wp\/v2\/media\/13820"}],"wp:attachment":[{"href":"https:\/\/eterle.cz\/eshop\/wp-json\/wp\/v2\/media?parent=13819"}],"wp:term":[{"taxonomy":"product_brand","embeddable":true,"href":"https:\/\/eterle.cz\/eshop\/wp-json\/wp\/v2\/product_brand?post=13819"},{"taxonomy":"product_cat","embeddable":true,"href":"https:\/\/eterle.cz\/eshop\/wp-json\/wp\/v2\/product_cat?post=13819"},{"taxonomy":"product_tag","embeddable":true,"href":"https:\/\/eterle.cz\/eshop\/wp-json\/wp\/v2\/product_tag?post=13819"}],"curies":[{"name":"wp","href":"https:\/\/api.w.org\/{rel}","templated":true}]}}