{"id":13825,"date":"2023-08-01T01:58:04","date_gmt":"2023-07-31T23:58:04","guid":{"rendered":"https:\/\/eterle.cz\/eshop\/produkt\/kreslo-hugues-steiner\/"},"modified":"2025-06-24T01:52:37","modified_gmt":"2025-06-23T23:52:37","slug":"kreslo-hugues-steiner","status":"publish","type":"product","link":"https:\/\/eterle.cz\/eshop\/produkt\/kreslo-hugues-steiner\/","title":{"rendered":"K\u0159eslo \/ Hugues Steiner"},"content":{"rendered":"<p>K\u0159eslo z 50. let minul\u00e9ho stolet\u00ed tzv. Bow Wood bylo navr\u017eeno francouzsk\u00fdm pov\u00e1le\u010dn\u00fdm design\u00e9rem Huguesem Steinerem a d\u00edky konstrukci ohnut\u00e9ho d\u0159eva p\u0159edstavuje technickou v\u00fdzvou. Jeho z\u00e1kladna je vyrobena z jednoho kusu zak\u0159iven\u00e9ho masivn\u00edho d\u0159eva, kter\u00e9 tvo\u0159\u00ed loketn\u00ed op\u011brku. Jedn\u00e1 se o velmi elegantn\u00ed model, kter\u00fd dokonale lad\u00ed s klasick\u00fdm i sou\u010dasn\u00fdm interi\u00e9rem.<\/p>\n<p>Stav: p\u016fvodn\u00ed zachoval\u00fd stav, na ka\u017ed\u00e9m k\u0159esle je n\u011bjak\u00e1 mal\u00e1 vada (prasklina) v \u010daloun\u011bn\u00ed<br \/>\nRozm\u011br<br \/>\nV\u00fd\u0161ka celkov\u00e1: 78 cm<br \/>\n\u0160\u00ed\u0159ka celkov\u00e1: 56 cm<br \/>\nV\u00fd\u0161ka sed\u00e1ku: 40 cm<br \/>\n\u0160\u00ed\u0159ka sed\u00e1ku: 47 cm<br \/>\nHloubka sed\u00e1ku: 50 cm<\/p>\n","protected":false},"excerpt":{"rendered":"<p>K\u0159eslo z 50. let minul\u00e9ho stolet\u00ed tzv. Bow Wood bylo navr\u017eeno francouzsk\u00fdm pov\u00e1le\u010dn\u00fdm design\u00e9rem Huguesem Steinerem a d\u00edky konstrukci ohnut\u00e9ho<\/p>\n","protected":false},"featured_media":13826,"template":"","meta":[],"product_brand":[153],"product_cat":[130,122],"product_tag":[],"class_list":{"0":"post-13825","1":"product","2":"type-product","3":"status-publish","4":"has-post-thumbnail","6":"product_brand-eterle-cz","7":"product_cat-nabytek","8":"product_cat-kresla-a-taburety","9":"product_shipping_class-nadrozmerne","11":"first","12":"instock","13":"purchasable","14":"product-type-simple"},"_links":{"self":[{"href":"https:\/\/eterle.cz\/eshop\/wp-json\/wp\/v2\/product\/13825","targetHints":{"allow":["GET"]}}],"collection":[{"href":"https:\/\/eterle.cz\/eshop\/wp-json\/wp\/v2\/product"}],"about":[{"href":"https:\/\/eterle.cz\/eshop\/wp-json\/wp\/v2\/types\/product"}],"version-history":[{"count":1,"href":"https:\/\/eterle.cz\/eshop\/wp-json\/wp\/v2\/product\/13825\/revisions"}],"predecessor-version":[{"id":26158,"href":"https:\/\/eterle.cz\/eshop\/wp-json\/wp\/v2\/product\/13825\/revisions\/26158"}],"wp:featuredmedia":[{"embeddable":true,"href":"https:\/\/eterle.cz\/eshop\/wp-json\/wp\/v2\/media\/13826"}],"wp:attachment":[{"href":"https:\/\/eterle.cz\/eshop\/wp-json\/wp\/v2\/media?parent=13825"}],"wp:term":[{"taxonomy":"product_brand","embeddable":true,"href":"https:\/\/eterle.cz\/eshop\/wp-json\/wp\/v2\/product_brand?post=13825"},{"taxonomy":"product_cat","embeddable":true,"href":"https:\/\/eterle.cz\/eshop\/wp-json\/wp\/v2\/product_cat?post=13825"},{"taxonomy":"product_tag","embeddable":true,"href":"https:\/\/eterle.cz\/eshop\/wp-json\/wp\/v2\/product_tag?post=13825"}],"curies":[{"name":"wp","href":"https:\/\/api.w.org\/{rel}","templated":true}]}}