{"id":13834,"date":"2023-08-01T01:58:19","date_gmt":"2023-07-31T23:58:19","guid":{"rendered":"https:\/\/eterle.cz\/eshop\/produkt\/kreslo-calounene\/"},"modified":"2025-06-24T01:52:37","modified_gmt":"2025-06-23T23:52:37","slug":"kreslo-calounene","status":"publish","type":"product","link":"https:\/\/eterle.cz\/eshop\/produkt\/kreslo-calounene\/","title":{"rendered":"Kreslo \u010daloun\u011bn\u00e9"},"content":{"rendered":"<p>K\u0159eslo, kter\u00e9 p\u0159ekvap\u00ed svou lehkost\u00ed a paradoxn\u011b kontrastn\u00edm rozm\u011brem nohou a \u010daloun\u011bnou konstrukc\u00ed. Retro \u010daloun\u011bn\u00ed bude d\u00edky sv\u00e9 barv\u011b vypadat dob\u0159e jak v modern\u00edm tak dobov\u00e9m interi\u00e9ru. Kr\u00e1sn\u011b by vypadalo i v nyn\u00ed obl\u00e9ben\u00e9m smetanov\u00e9m boucl\u00e9.<\/p>\n<p>Stav: p\u016fvodn\u00ed zachoval\u00fd stav, \u010daloun\u011bn\u00ed v po\u0159\u00e1dku<br \/>\nRozm\u011br<br \/>\nV\u00fd\u0161ka celkov\u00e1: 94 cm<br \/>\n\u0160\u00ed\u0159ka celkov\u00e1: 79 cm<br \/>\nHloubka celkov\u00e1: 71 cm<br \/>\nV\u00fd\u0161ka sed\u00e1ku: 50 cm<br \/>\n\u0160\u00ed\u0159ka sed\u00e1ku: 45 cm<br \/>\nHloubka sed\u00e1ku: 45 cm<\/p>\n","protected":false},"excerpt":{"rendered":"<p>K\u0159eslo, kter\u00e9 p\u0159ekvap\u00ed svou lehkost\u00ed a paradoxn\u011b kontrastn\u00edm rozm\u011brem nohou a \u010daloun\u011bnou konstrukc\u00ed. Retro \u010daloun\u011bn\u00ed bude d\u00edky sv\u00e9 barv\u011b vypadat<\/p>\n","protected":false},"featured_media":13835,"template":"","meta":[],"product_brand":[153],"product_cat":[130,122],"product_tag":[],"class_list":{"0":"post-13834","1":"product","2":"type-product","3":"status-publish","4":"has-post-thumbnail","6":"product_brand-eterle-cz","7":"product_cat-nabytek","8":"product_cat-kresla-a-taburety","9":"product_shipping_class-nadrozmerne","11":"first","12":"instock","13":"purchasable","14":"product-type-simple"},"_links":{"self":[{"href":"https:\/\/eterle.cz\/eshop\/wp-json\/wp\/v2\/product\/13834","targetHints":{"allow":["GET"]}}],"collection":[{"href":"https:\/\/eterle.cz\/eshop\/wp-json\/wp\/v2\/product"}],"about":[{"href":"https:\/\/eterle.cz\/eshop\/wp-json\/wp\/v2\/types\/product"}],"version-history":[{"count":1,"href":"https:\/\/eterle.cz\/eshop\/wp-json\/wp\/v2\/product\/13834\/revisions"}],"predecessor-version":[{"id":26157,"href":"https:\/\/eterle.cz\/eshop\/wp-json\/wp\/v2\/product\/13834\/revisions\/26157"}],"wp:featuredmedia":[{"embeddable":true,"href":"https:\/\/eterle.cz\/eshop\/wp-json\/wp\/v2\/media\/13835"}],"wp:attachment":[{"href":"https:\/\/eterle.cz\/eshop\/wp-json\/wp\/v2\/media?parent=13834"}],"wp:term":[{"taxonomy":"product_brand","embeddable":true,"href":"https:\/\/eterle.cz\/eshop\/wp-json\/wp\/v2\/product_brand?post=13834"},{"taxonomy":"product_cat","embeddable":true,"href":"https:\/\/eterle.cz\/eshop\/wp-json\/wp\/v2\/product_cat?post=13834"},{"taxonomy":"product_tag","embeddable":true,"href":"https:\/\/eterle.cz\/eshop\/wp-json\/wp\/v2\/product_tag?post=13834"}],"curies":[{"name":"wp","href":"https:\/\/api.w.org\/{rel}","templated":true}]}}