{"id":13840,"date":"2023-08-01T01:58:31","date_gmt":"2023-07-31T23:58:31","guid":{"rendered":"https:\/\/eterle.cz\/eshop\/produkt\/stolicka-uluv-2\/"},"modified":"2025-02-16T02:54:40","modified_gmt":"2025-02-16T01:54:40","slug":"stolicka-uluv-2","status":"publish","type":"product","link":"https:\/\/eterle.cz\/eshop\/produkt\/stolicka-uluv-2\/","title":{"rendered":"Stoli\u010dka \/ \u00daLUV"},"content":{"rendered":"<p>Taburet, podno\u017eka nebo p\u0159\u00eddavn\u00e1 stoli\u010dka je obl\u00edben\u00fdm prvkem do dom\u00e1cnosti. Tato stoli\u010dka poch\u00e1z\u00ed z 60. let navr\u017eena a vyrobena pro \u00daLUV.<\/p>\n<p>Stav: p\u016fvodn\u00ed zachoval\u00fd stav<br \/>\nZna\u010dka: \u00daLUV<br \/>\nRozm\u011br<br \/>\nV\u00fd\u0161ka: 43 cm<br \/>\n\u0160\u00ed\u0159ka: 33 cm<br \/>\nD\u00e9lka: 51 cm<\/p>\n","protected":false},"excerpt":{"rendered":"<p>Taburet, podno\u017eka nebo p\u0159\u00eddavn\u00e1 stoli\u010dka je obl\u00edben\u00fdm prvkem do dom\u00e1cnosti. Tato stoli\u010dka poch\u00e1z\u00ed z 60. let navr\u017eena a vyrobena pro<\/p>\n","protected":false},"featured_media":13841,"template":"","meta":[],"product_brand":[153],"product_cat":[91],"product_tag":[],"class_list":{"0":"post-13840","1":"product","2":"type-product","3":"status-publish","4":"has-post-thumbnail","6":"product_brand-eterle-cz","7":"product_cat-prodane","8":"product_shipping_class-nadrozmerne","10":"first","11":"outofstock","12":"purchasable","13":"product-type-simple"},"_links":{"self":[{"href":"https:\/\/eterle.cz\/eshop\/wp-json\/wp\/v2\/product\/13840","targetHints":{"allow":["GET"]}}],"collection":[{"href":"https:\/\/eterle.cz\/eshop\/wp-json\/wp\/v2\/product"}],"about":[{"href":"https:\/\/eterle.cz\/eshop\/wp-json\/wp\/v2\/types\/product"}],"version-history":[{"count":0,"href":"https:\/\/eterle.cz\/eshop\/wp-json\/wp\/v2\/product\/13840\/revisions"}],"wp:featuredmedia":[{"embeddable":true,"href":"https:\/\/eterle.cz\/eshop\/wp-json\/wp\/v2\/media\/13841"}],"wp:attachment":[{"href":"https:\/\/eterle.cz\/eshop\/wp-json\/wp\/v2\/media?parent=13840"}],"wp:term":[{"taxonomy":"product_brand","embeddable":true,"href":"https:\/\/eterle.cz\/eshop\/wp-json\/wp\/v2\/product_brand?post=13840"},{"taxonomy":"product_cat","embeddable":true,"href":"https:\/\/eterle.cz\/eshop\/wp-json\/wp\/v2\/product_cat?post=13840"},{"taxonomy":"product_tag","embeddable":true,"href":"https:\/\/eterle.cz\/eshop\/wp-json\/wp\/v2\/product_tag?post=13840"}],"curies":[{"name":"wp","href":"https:\/\/api.w.org\/{rel}","templated":true}]}}