{"id":13855,"date":"2023-08-01T01:59:04","date_gmt":"2023-07-31T23:59:04","guid":{"rendered":"https:\/\/eterle.cz\/eshop\/produkt\/taburet-mintovy\/"},"modified":"2025-02-16T02:54:39","modified_gmt":"2025-02-16T01:54:39","slug":"taburet-mintovy","status":"publish","type":"product","link":"https:\/\/eterle.cz\/eshop\/produkt\/taburet-mintovy\/","title":{"rendered":"Taburet mintovy"},"content":{"rendered":"<p>Jeden z nej\u017e\u00e1dan\u011bj\u0161\u00edch kousk\u016f n\u00e1bytku je taburet, proto\u017ee sv\u00fdm rozm\u011brem zapadne i do men\u0161\u00edho prostoru a kr\u00e1sn\u011b jej dopln\u00ed. Tento poch\u00e1z\u00ed z 60. let a svou barevnos\u00ed bude hezky ladit i do d\u011btsk\u00e9ho pokoje. Bude hezk\u00fd do setu k <span style=\"color: #000000;\"><a style=\"color: #000000;\" href=\"https:\/\/eterle.cz\/eshop\/produkt\/lavicka-calounena\/\">lavi\u010d\u010dce<\/a><\/span> ve stejn\u00e9m proveden\u00ed.<\/p>\n<p>Stav: po renovaci<br \/>\nRozm\u011br<br \/>\nV\u00fd\u0161ka: 48 cm<br \/>\n\u0160\u00ed\u0159ka: 40 cm<br \/>\nHloubka: 34 cm<\/p>\n","protected":false},"excerpt":{"rendered":"<p>Jeden z nej\u017e\u00e1dan\u011bj\u0161\u00edch kousk\u016f n\u00e1bytku je taburet, proto\u017ee sv\u00fdm rozm\u011brem zapadne i do men\u0161\u00edho prostoru a kr\u00e1sn\u011b jej dopln\u00ed. Tento<\/p>\n","protected":false},"featured_media":13856,"template":"","meta":[],"product_brand":[153],"product_cat":[91],"product_tag":[],"class_list":{"0":"post-13855","1":"product","2":"type-product","3":"status-publish","4":"has-post-thumbnail","6":"product_brand-eterle-cz","7":"product_cat-prodane","8":"product_shipping_class-nadrozmerne","10":"first","11":"outofstock","12":"purchasable","13":"product-type-simple"},"_links":{"self":[{"href":"https:\/\/eterle.cz\/eshop\/wp-json\/wp\/v2\/product\/13855","targetHints":{"allow":["GET"]}}],"collection":[{"href":"https:\/\/eterle.cz\/eshop\/wp-json\/wp\/v2\/product"}],"about":[{"href":"https:\/\/eterle.cz\/eshop\/wp-json\/wp\/v2\/types\/product"}],"version-history":[{"count":0,"href":"https:\/\/eterle.cz\/eshop\/wp-json\/wp\/v2\/product\/13855\/revisions"}],"wp:featuredmedia":[{"embeddable":true,"href":"https:\/\/eterle.cz\/eshop\/wp-json\/wp\/v2\/media\/13856"}],"wp:attachment":[{"href":"https:\/\/eterle.cz\/eshop\/wp-json\/wp\/v2\/media?parent=13855"}],"wp:term":[{"taxonomy":"product_brand","embeddable":true,"href":"https:\/\/eterle.cz\/eshop\/wp-json\/wp\/v2\/product_brand?post=13855"},{"taxonomy":"product_cat","embeddable":true,"href":"https:\/\/eterle.cz\/eshop\/wp-json\/wp\/v2\/product_cat?post=13855"},{"taxonomy":"product_tag","embeddable":true,"href":"https:\/\/eterle.cz\/eshop\/wp-json\/wp\/v2\/product_tag?post=13855"}],"curies":[{"name":"wp","href":"https:\/\/api.w.org\/{rel}","templated":true}]}}