{"id":13857,"date":"2023-08-01T01:59:09","date_gmt":"2023-07-31T23:59:09","guid":{"rendered":"https:\/\/eterle.cz\/eshop\/produkt\/taburet-modry\/"},"modified":"2025-07-04T15:30:12","modified_gmt":"2025-07-04T13:30:12","slug":"taburet-modry","status":"publish","type":"product","link":"https:\/\/eterle.cz\/eshop\/produkt\/taburet-modry\/","title":{"rendered":"Taburet modry"},"content":{"rendered":"<p>Jeden z nej\u017e\u00e1dan\u011bj\u0161\u00edch kousk\u016f n\u00e1bytku je taburet, proto\u017ee sv\u00fdm rozm\u011brem zapadne i do men\u0161\u00edho prostoru a kr\u00e1sn\u011b jej dopln\u00ed. Tento poch\u00e1z\u00ed z 60. let minul\u00e9ho stolet\u00ed.<\/p>\n<p>Stav: nov\u011b \u010daloun\u011bn<br \/>\nRozm\u011br<br \/>\nV\u00fd\u0161ka: 46 cm<br \/>\n\u0160\u00ed\u0159ka: 41 cm<br \/>\nHloubka: 32 cm<\/p>\n","protected":false},"excerpt":{"rendered":"<p>Jeden z nej\u017e\u00e1dan\u011bj\u0161\u00edch kousk\u016f n\u00e1bytku je taburet, proto\u017ee sv\u00fdm rozm\u011brem zapadne i do men\u0161\u00edho prostoru a kr\u00e1sn\u011b jej dopln\u00ed. Tento<\/p>\n","protected":false},"featured_media":13858,"template":"","meta":[],"product_brand":[153],"product_cat":[130,122],"product_tag":[],"class_list":{"0":"post-13857","1":"product","2":"type-product","3":"status-publish","4":"has-post-thumbnail","6":"product_brand-eterle-cz","7":"product_cat-nabytek","8":"product_cat-kresla-a-taburety","9":"product_shipping_class-nadrozmerne","11":"first","12":"instock","13":"purchasable","14":"product-type-simple"},"_links":{"self":[{"href":"https:\/\/eterle.cz\/eshop\/wp-json\/wp\/v2\/product\/13857","targetHints":{"allow":["GET"]}}],"collection":[{"href":"https:\/\/eterle.cz\/eshop\/wp-json\/wp\/v2\/product"}],"about":[{"href":"https:\/\/eterle.cz\/eshop\/wp-json\/wp\/v2\/types\/product"}],"version-history":[{"count":1,"href":"https:\/\/eterle.cz\/eshop\/wp-json\/wp\/v2\/product\/13857\/revisions"}],"predecessor-version":[{"id":26156,"href":"https:\/\/eterle.cz\/eshop\/wp-json\/wp\/v2\/product\/13857\/revisions\/26156"}],"wp:featuredmedia":[{"embeddable":true,"href":"https:\/\/eterle.cz\/eshop\/wp-json\/wp\/v2\/media\/13858"}],"wp:attachment":[{"href":"https:\/\/eterle.cz\/eshop\/wp-json\/wp\/v2\/media?parent=13857"}],"wp:term":[{"taxonomy":"product_brand","embeddable":true,"href":"https:\/\/eterle.cz\/eshop\/wp-json\/wp\/v2\/product_brand?post=13857"},{"taxonomy":"product_cat","embeddable":true,"href":"https:\/\/eterle.cz\/eshop\/wp-json\/wp\/v2\/product_cat?post=13857"},{"taxonomy":"product_tag","embeddable":true,"href":"https:\/\/eterle.cz\/eshop\/wp-json\/wp\/v2\/product_tag?post=13857"}],"curies":[{"name":"wp","href":"https:\/\/api.w.org\/{rel}","templated":true}]}}