{"id":13884,"date":"2023-08-01T02:00:08","date_gmt":"2023-08-01T00:00:08","guid":{"rendered":"https:\/\/eterle.cz\/eshop\/produkt\/kreslo-calounene-jaroslav-smidek\/"},"modified":"2025-02-16T02:54:37","modified_gmt":"2025-02-16T01:54:37","slug":"kreslo-calounene-jaroslav-smidek","status":"publish","type":"product","link":"https:\/\/eterle.cz\/eshop\/produkt\/kreslo-calounene-jaroslav-smidek\/","title":{"rendered":"K\u0159eslo \u010daloun\u011bn\u00e9 \/ Jaroslav \u0160m\u00eddek"},"content":{"rendered":"<p>K\u0159eslo od brn\u011bnsk\u00e9ho design\u00e9ra Jaroslava \u0160m\u00eddka z 60. let minul\u00e9ho stolet\u00ed.<\/p>\n<p>Stav: p\u016fvodn\u00ed zachoval\u00fd<br \/>\nRozm\u011br<br \/>\nV\u00fd\u0161ka: 85 cm<br \/>\n\u0160\u00ed\u0159ka: 62 cm<br \/>\nHloubka: 62 cm<br \/>\nV\u00fd\u0161ka sed\u00e1ku: 40 cm<br \/>\nHloubka sed\u00e1ku: 46 cm<br \/>\n\u0160\u00ed\u0159ka sed\u00e1ku: 47 cm<\/p>\n","protected":false},"excerpt":{"rendered":"<p>K\u0159eslo od brn\u011bnsk\u00e9ho design\u00e9ra Jaroslava \u0160m\u00eddka z 60. let minul\u00e9ho stolet\u00ed. Stav: p\u016fvodn\u00ed zachoval\u00fd Rozm\u011br V\u00fd\u0161ka: 85 cm \u0160\u00ed\u0159ka: 62<\/p>\n","protected":false},"featured_media":13885,"template":"","meta":[],"product_brand":[153],"product_cat":[91],"product_tag":[],"class_list":{"0":"post-13884","1":"product","2":"type-product","3":"status-publish","4":"has-post-thumbnail","6":"product_brand-eterle-cz","7":"product_cat-prodane","8":"product_shipping_class-nadrozmerne","10":"first","11":"outofstock","12":"purchasable","13":"product-type-simple"},"_links":{"self":[{"href":"https:\/\/eterle.cz\/eshop\/wp-json\/wp\/v2\/product\/13884","targetHints":{"allow":["GET"]}}],"collection":[{"href":"https:\/\/eterle.cz\/eshop\/wp-json\/wp\/v2\/product"}],"about":[{"href":"https:\/\/eterle.cz\/eshop\/wp-json\/wp\/v2\/types\/product"}],"version-history":[{"count":1,"href":"https:\/\/eterle.cz\/eshop\/wp-json\/wp\/v2\/product\/13884\/revisions"}],"predecessor-version":[{"id":15939,"href":"https:\/\/eterle.cz\/eshop\/wp-json\/wp\/v2\/product\/13884\/revisions\/15939"}],"wp:featuredmedia":[{"embeddable":true,"href":"https:\/\/eterle.cz\/eshop\/wp-json\/wp\/v2\/media\/13885"}],"wp:attachment":[{"href":"https:\/\/eterle.cz\/eshop\/wp-json\/wp\/v2\/media?parent=13884"}],"wp:term":[{"taxonomy":"product_brand","embeddable":true,"href":"https:\/\/eterle.cz\/eshop\/wp-json\/wp\/v2\/product_brand?post=13884"},{"taxonomy":"product_cat","embeddable":true,"href":"https:\/\/eterle.cz\/eshop\/wp-json\/wp\/v2\/product_cat?post=13884"},{"taxonomy":"product_tag","embeddable":true,"href":"https:\/\/eterle.cz\/eshop\/wp-json\/wp\/v2\/product_tag?post=13884"}],"curies":[{"name":"wp","href":"https:\/\/api.w.org\/{rel}","templated":true}]}}