{"id":13891,"date":"2023-08-01T02:00:23","date_gmt":"2023-08-01T00:00:23","guid":{"rendered":"https:\/\/eterle.cz\/eshop\/produkt\/konferencni-stolek-art-deco-kulaty\/"},"modified":"2025-06-24T01:52:36","modified_gmt":"2025-06-23T23:52:36","slug":"konferencni-stolek-art-deco-kulaty","status":"publish","type":"product","link":"https:\/\/eterle.cz\/eshop\/produkt\/konferencni-stolek-art-deco-kulaty\/","title":{"rendered":"Konferen\u010dn\u00ed stolek art deco (kulaty)"},"content":{"rendered":"<p>Kr\u00e1sn\u00fd vysoce elgantn\u00ed konferen\u010dn\u00ed stolek z obdob\u00ed art deca, kter\u00e9 se objevilo poprv\u00e9 ve Francii na za\u010d\u00e1tku 20. stolet\u00ed. Stolek m\u00e1 atipickou, m\u00e1lo v\u00eddanou nohu do k\u0159\u00ed\u017ee se t\u0159emi poli\u010dkami.<\/p>\n<p>Stav: perfektn\u00ed p\u016fvodn\u00ed stav<br \/>\nRozm\u011br<br \/>\nV\u00fd\u0161ka: 66 cm<br \/>\nPr\u016fm\u011br: 85 cm<\/p>\n","protected":false},"excerpt":{"rendered":"<p>Kr\u00e1sn\u00fd vysoce elgantn\u00ed konferen\u010dn\u00ed stolek z obdob\u00ed art deca, kter\u00e9 se objevilo poprv\u00e9 ve Francii na za\u010d\u00e1tku 20. stolet\u00ed. Stolek<\/p>\n","protected":false},"featured_media":13892,"template":"","meta":[],"product_brand":[153],"product_cat":[130,124],"product_tag":[],"class_list":{"0":"post-13891","1":"product","2":"type-product","3":"status-publish","4":"has-post-thumbnail","6":"product_brand-eterle-cz","7":"product_cat-nabytek","8":"product_cat-stoly","9":"product_shipping_class-nadrozmerne","11":"first","12":"instock","13":"purchasable","14":"product-type-simple"},"_links":{"self":[{"href":"https:\/\/eterle.cz\/eshop\/wp-json\/wp\/v2\/product\/13891","targetHints":{"allow":["GET"]}}],"collection":[{"href":"https:\/\/eterle.cz\/eshop\/wp-json\/wp\/v2\/product"}],"about":[{"href":"https:\/\/eterle.cz\/eshop\/wp-json\/wp\/v2\/types\/product"}],"version-history":[{"count":2,"href":"https:\/\/eterle.cz\/eshop\/wp-json\/wp\/v2\/product\/13891\/revisions"}],"predecessor-version":[{"id":26155,"href":"https:\/\/eterle.cz\/eshop\/wp-json\/wp\/v2\/product\/13891\/revisions\/26155"}],"wp:featuredmedia":[{"embeddable":true,"href":"https:\/\/eterle.cz\/eshop\/wp-json\/wp\/v2\/media\/13892"}],"wp:attachment":[{"href":"https:\/\/eterle.cz\/eshop\/wp-json\/wp\/v2\/media?parent=13891"}],"wp:term":[{"taxonomy":"product_brand","embeddable":true,"href":"https:\/\/eterle.cz\/eshop\/wp-json\/wp\/v2\/product_brand?post=13891"},{"taxonomy":"product_cat","embeddable":true,"href":"https:\/\/eterle.cz\/eshop\/wp-json\/wp\/v2\/product_cat?post=13891"},{"taxonomy":"product_tag","embeddable":true,"href":"https:\/\/eterle.cz\/eshop\/wp-json\/wp\/v2\/product_tag?post=13891"}],"curies":[{"name":"wp","href":"https:\/\/api.w.org\/{rel}","templated":true}]}}