{"id":13899,"date":"2023-08-01T02:00:37","date_gmt":"2023-08-01T00:00:37","guid":{"rendered":"https:\/\/eterle.cz\/eshop\/produkt\/konferencni-stolek-art-deco-hraci\/"},"modified":"2025-02-16T02:54:36","modified_gmt":"2025-02-16T01:54:36","slug":"konferencni-stolek-art-deco-hraci","status":"publish","type":"product","link":"https:\/\/eterle.cz\/eshop\/produkt\/konferencni-stolek-art-deco-hraci\/","title":{"rendered":"Konferen\u010dn\u00ed stolek art deco (hraci)"},"content":{"rendered":"<p>Unik\u00e1tn\u00ed hrac\u00ed stolek z obdob\u00ed art deca s p\u011bti \u0161upl\u00edky, kter\u00fd ka\u017ed\u00fd skr\u00fdv\u00e1 jin\u00e9 tajemstv\u00ed. Jeden \u0161upl\u00edk slou\u017e\u00ed jako hrac\u00ed pole pro \u0161achy, dva men\u0161\u00ed jsou na drobn\u00e9, t\u0159et\u00ed \u0161upl\u00edk slou\u017e\u00ed jako \u00falo\u017en\u00fd prostor a posledn\u00ed je voln\u00e1 hrac\u00ed plocha. Stolek byl jist\u011b vyroben pro gentlemany 20. stolet\u00ed.<\/p>\n<p>Stav: perfektn\u00ed p\u016fvodn\u00ed stav<br \/>\nRozm\u011br<br \/>\nV\u00fd\u0161ka: 66 cm<br \/>\n\u0160\u00ed\u0159ka: 83 cm<br \/>\nHloubka: 52 cm<\/p>\n","protected":false},"excerpt":{"rendered":"<p>Unik\u00e1tn\u00ed hrac\u00ed stolek z obdob\u00ed art deca s p\u011bti \u0161upl\u00edky, kter\u00fd ka\u017ed\u00fd skr\u00fdv\u00e1 jin\u00e9 tajemstv\u00ed. Jeden \u0161upl\u00edk slou\u017e\u00ed jako hrac\u00ed<\/p>\n","protected":false},"featured_media":13900,"template":"","meta":[],"product_brand":[153],"product_cat":[91],"product_tag":[],"class_list":{"0":"post-13899","1":"product","2":"type-product","3":"status-publish","4":"has-post-thumbnail","6":"product_brand-eterle-cz","7":"product_cat-prodane","8":"product_shipping_class-nadrozmerne","10":"first","11":"outofstock","12":"purchasable","13":"product-type-simple"},"_links":{"self":[{"href":"https:\/\/eterle.cz\/eshop\/wp-json\/wp\/v2\/product\/13899","targetHints":{"allow":["GET"]}}],"collection":[{"href":"https:\/\/eterle.cz\/eshop\/wp-json\/wp\/v2\/product"}],"about":[{"href":"https:\/\/eterle.cz\/eshop\/wp-json\/wp\/v2\/types\/product"}],"version-history":[{"count":0,"href":"https:\/\/eterle.cz\/eshop\/wp-json\/wp\/v2\/product\/13899\/revisions"}],"wp:featuredmedia":[{"embeddable":true,"href":"https:\/\/eterle.cz\/eshop\/wp-json\/wp\/v2\/media\/13900"}],"wp:attachment":[{"href":"https:\/\/eterle.cz\/eshop\/wp-json\/wp\/v2\/media?parent=13899"}],"wp:term":[{"taxonomy":"product_brand","embeddable":true,"href":"https:\/\/eterle.cz\/eshop\/wp-json\/wp\/v2\/product_brand?post=13899"},{"taxonomy":"product_cat","embeddable":true,"href":"https:\/\/eterle.cz\/eshop\/wp-json\/wp\/v2\/product_cat?post=13899"},{"taxonomy":"product_tag","embeddable":true,"href":"https:\/\/eterle.cz\/eshop\/wp-json\/wp\/v2\/product_tag?post=13899"}],"curies":[{"name":"wp","href":"https:\/\/api.w.org\/{rel}","templated":true}]}}