{"id":13925,"date":"2023-08-07T23:03:15","date_gmt":"2023-08-07T21:03:15","guid":{"rendered":"https:\/\/eterle.cz\/eshop\/produkt\/zvonecek-furstenberg-koln\/"},"modified":"2025-02-16T02:54:35","modified_gmt":"2025-02-16T01:54:35","slug":"zvonecek-furstenberg-koln","status":"publish","type":"product","link":"https:\/\/eterle.cz\/eshop\/produkt\/zvonecek-furstenberg-koln\/","title":{"rendered":"Zvone\u010dek \/ Furstenberg Koln"},"content":{"rendered":"<p>Mimo\u0159\u00e1dn\u011b velk\u00fd porcel\u00e1nov\u00fd zvon\u011b\u010dek s porcel\u00e1nov\u00fdm srdcem, d\u00edky kter\u00e9mu m\u00e1 velmi siln\u00fd zvuk. Dekor zvone\u010dku p\u0159ipom\u00edn\u00e1 rozz\u00e1\u0159enou no\u010dn\u00ed oblohu plnou hv\u011bzd.<\/p>\n<p>Stav: nov\u00fd<br \/>\nZna\u010dka: Furstenberg Koln<br \/>\nRozm\u011br<br \/>\nV\u00fd\u0161ka: 19 cm<br \/>\nDoln\u00ed pr\u016fm\u011br: 12,5 cm<\/p>\n","protected":false},"excerpt":{"rendered":"<p>Mimo\u0159\u00e1dn\u011b velk\u00fd porcel\u00e1nov\u00fd zvon\u011b\u010dek s porcel\u00e1nov\u00fdm srdcem, d\u00edky kter\u00e9mu m\u00e1 velmi siln\u00fd zvuk. Dekor zvone\u010dku p\u0159ipom\u00edn\u00e1 rozz\u00e1\u0159enou no\u010dn\u00ed oblohu plnou<\/p>\n","protected":false},"featured_media":13926,"template":"","meta":[],"product_brand":[153],"product_cat":[91],"product_tag":[],"class_list":{"0":"post-13925","1":"product","2":"type-product","3":"status-publish","4":"has-post-thumbnail","6":"product_brand-eterle-cz","7":"product_cat-prodane","9":"first","10":"outofstock","11":"purchasable","12":"product-type-simple"},"_links":{"self":[{"href":"https:\/\/eterle.cz\/eshop\/wp-json\/wp\/v2\/product\/13925","targetHints":{"allow":["GET"]}}],"collection":[{"href":"https:\/\/eterle.cz\/eshop\/wp-json\/wp\/v2\/product"}],"about":[{"href":"https:\/\/eterle.cz\/eshop\/wp-json\/wp\/v2\/types\/product"}],"version-history":[{"count":1,"href":"https:\/\/eterle.cz\/eshop\/wp-json\/wp\/v2\/product\/13925\/revisions"}],"predecessor-version":[{"id":14074,"href":"https:\/\/eterle.cz\/eshop\/wp-json\/wp\/v2\/product\/13925\/revisions\/14074"}],"wp:featuredmedia":[{"embeddable":true,"href":"https:\/\/eterle.cz\/eshop\/wp-json\/wp\/v2\/media\/13926"}],"wp:attachment":[{"href":"https:\/\/eterle.cz\/eshop\/wp-json\/wp\/v2\/media?parent=13925"}],"wp:term":[{"taxonomy":"product_brand","embeddable":true,"href":"https:\/\/eterle.cz\/eshop\/wp-json\/wp\/v2\/product_brand?post=13925"},{"taxonomy":"product_cat","embeddable":true,"href":"https:\/\/eterle.cz\/eshop\/wp-json\/wp\/v2\/product_cat?post=13925"},{"taxonomy":"product_tag","embeddable":true,"href":"https:\/\/eterle.cz\/eshop\/wp-json\/wp\/v2\/product_tag?post=13925"}],"curies":[{"name":"wp","href":"https:\/\/api.w.org\/{rel}","templated":true}]}}