{"id":13930,"date":"2023-08-07T23:03:23","date_gmt":"2023-08-07T21:03:23","guid":{"rendered":"https:\/\/eterle.cz\/eshop\/produkt\/shaker\/"},"modified":"2025-02-16T02:54:35","modified_gmt":"2025-02-16T01:54:35","slug":"shaker","status":"publish","type":"product","link":"https:\/\/eterle.cz\/eshop\/produkt\/shaker\/","title":{"rendered":"Shaker"},"content":{"rendered":"<p>Klasick\u00fd shaker v kombinaci skla a nerezu, kter\u00fd nesm\u00ed chyb\u011bt \u017e\u00e1dn\u00e9mu &#8222;profesion\u00e1ln\u00edmu&#8220; barmanovi.<\/p>\n<p>Stav: perfektn\u00ed<br \/>\nRozm\u011br<br \/>\nV\u00fd\u0161ka: 23 cm<\/p>\n","protected":false},"excerpt":{"rendered":"<p>Klasick\u00fd shaker v kombinaci skla a nerezu, kter\u00fd nesm\u00ed chyb\u011bt \u017e\u00e1dn\u00e9mu &#8222;profesion\u00e1ln\u00edmu&#8220; barmanovi. Stav: perfektn\u00ed Rozm\u011br V\u00fd\u0161ka: 23 cm<\/p>\n","protected":false},"featured_media":13931,"template":"","meta":[],"product_brand":[153],"product_cat":[91],"product_tag":[],"class_list":{"0":"post-13930","1":"product","2":"type-product","3":"status-publish","4":"has-post-thumbnail","6":"product_brand-eterle-cz","7":"product_cat-prodane","9":"first","10":"outofstock","11":"purchasable","12":"product-type-simple"},"_links":{"self":[{"href":"https:\/\/eterle.cz\/eshop\/wp-json\/wp\/v2\/product\/13930","targetHints":{"allow":["GET"]}}],"collection":[{"href":"https:\/\/eterle.cz\/eshop\/wp-json\/wp\/v2\/product"}],"about":[{"href":"https:\/\/eterle.cz\/eshop\/wp-json\/wp\/v2\/types\/product"}],"version-history":[{"count":0,"href":"https:\/\/eterle.cz\/eshop\/wp-json\/wp\/v2\/product\/13930\/revisions"}],"wp:featuredmedia":[{"embeddable":true,"href":"https:\/\/eterle.cz\/eshop\/wp-json\/wp\/v2\/media\/13931"}],"wp:attachment":[{"href":"https:\/\/eterle.cz\/eshop\/wp-json\/wp\/v2\/media?parent=13930"}],"wp:term":[{"taxonomy":"product_brand","embeddable":true,"href":"https:\/\/eterle.cz\/eshop\/wp-json\/wp\/v2\/product_brand?post=13930"},{"taxonomy":"product_cat","embeddable":true,"href":"https:\/\/eterle.cz\/eshop\/wp-json\/wp\/v2\/product_cat?post=13930"},{"taxonomy":"product_tag","embeddable":true,"href":"https:\/\/eterle.cz\/eshop\/wp-json\/wp\/v2\/product_tag?post=13930"}],"curies":[{"name":"wp","href":"https:\/\/api.w.org\/{rel}","templated":true}]}}