{"id":13934,"date":"2023-08-07T23:03:31","date_gmt":"2023-08-07T21:03:31","guid":{"rendered":"https:\/\/eterle.cz\/eshop\/produkt\/sklenena-misa-2\/"},"modified":"2025-02-16T02:54:35","modified_gmt":"2025-02-16T01:54:35","slug":"sklenena-misa-2","status":"publish","type":"product","link":"https:\/\/eterle.cz\/eshop\/produkt\/sklenena-misa-2\/","title":{"rendered":"Sklen\u011bn\u00e1 m\u00edsa"},"content":{"rendered":"<p>Zelenkav\u00e1 m\u00edsa z recyklovan\u00e9ho skla p\u016fsob\u00ed velmi elegantn\u011b a sv\u00fdm tvarem modern\u011b. Je dost velk\u00e1 na jablka i pomeran\u010de.<\/p>\n<p>Stav: nov\u00e1 z recyklovan\u00e9ho skla, tak\u017ee nese jist\u00e9 v\u00fdrobn\u00ed zn\u00e1mky nedokonalosti, ale nen\u00ed nikterak po\u0161kozena<br \/>\nRozm\u011br<br \/>\nV\u00fd\u0161ka: 16 cm<br \/>\nPr\u016fm\u011br: 29 cm<\/p>\n","protected":false},"excerpt":{"rendered":"<p>Zelenkav\u00e1 m\u00edsa z recyklovan\u00e9ho skla p\u016fsob\u00ed velmi elegantn\u011b a sv\u00fdm tvarem modern\u011b. Je dost velk\u00e1 na jablka i pomeran\u010de. Stav:<\/p>\n","protected":false},"featured_media":13935,"template":"","meta":[],"product_brand":[153],"product_cat":[91],"product_tag":[],"class_list":{"0":"post-13934","1":"product","2":"type-product","3":"status-publish","4":"has-post-thumbnail","6":"product_brand-eterle-cz","7":"product_cat-prodane","9":"first","10":"outofstock","11":"purchasable","12":"product-type-simple"},"_links":{"self":[{"href":"https:\/\/eterle.cz\/eshop\/wp-json\/wp\/v2\/product\/13934","targetHints":{"allow":["GET"]}}],"collection":[{"href":"https:\/\/eterle.cz\/eshop\/wp-json\/wp\/v2\/product"}],"about":[{"href":"https:\/\/eterle.cz\/eshop\/wp-json\/wp\/v2\/types\/product"}],"version-history":[{"count":0,"href":"https:\/\/eterle.cz\/eshop\/wp-json\/wp\/v2\/product\/13934\/revisions"}],"wp:featuredmedia":[{"embeddable":true,"href":"https:\/\/eterle.cz\/eshop\/wp-json\/wp\/v2\/media\/13935"}],"wp:attachment":[{"href":"https:\/\/eterle.cz\/eshop\/wp-json\/wp\/v2\/media?parent=13934"}],"wp:term":[{"taxonomy":"product_brand","embeddable":true,"href":"https:\/\/eterle.cz\/eshop\/wp-json\/wp\/v2\/product_brand?post=13934"},{"taxonomy":"product_cat","embeddable":true,"href":"https:\/\/eterle.cz\/eshop\/wp-json\/wp\/v2\/product_cat?post=13934"},{"taxonomy":"product_tag","embeddable":true,"href":"https:\/\/eterle.cz\/eshop\/wp-json\/wp\/v2\/product_tag?post=13934"}],"curies":[{"name":"wp","href":"https:\/\/api.w.org\/{rel}","templated":true}]}}