{"id":13939,"date":"2023-08-07T23:03:40","date_gmt":"2023-08-07T21:03:40","guid":{"rendered":"https:\/\/eterle.cz\/eshop\/produkt\/svicen-zeleny-rosenthal\/"},"modified":"2025-02-16T02:54:34","modified_gmt":"2025-02-16T01:54:34","slug":"svicen-zeleny-rosenthal","status":"publish","type":"product","link":"https:\/\/eterle.cz\/eshop\/produkt\/svicen-zeleny-rosenthal\/","title":{"rendered":"Sv\u00edcen zelen\u00fd \/ Rosenthal"},"content":{"rendered":"<p>Noblesn\u00ed sv\u00edcen s fazetov\u00fdm brusem a v\u00fdraznou zelenou barvou od design\u00e9rky Jule Witte okam\u017eit\u011b upout\u00e1 pozornost. Zespoda sv\u00edcnu ja vyp\u00edskovan\u00e9 logo Rosenthal.<\/p>\n<p>Stav: nov\u00fd v krabi\u010d\u010dce, nese zn\u00e1mky \u0161isov\u00e1n\u00ed od slun\u00ed\u010dka<br \/>\nZna\u010dka: Rosenthal<br \/>\nRozm\u011br<br \/>\nV\u00fd\u0161ka: 3 cm<br \/>\nPr\u016fm\u011br: 8 cm<\/p>\n","protected":false},"excerpt":{"rendered":"<p>Noblesn\u00ed sv\u00edcen s fazetov\u00fdm brusem a v\u00fdraznou zelenou barvou od design\u00e9rky Jule Witte okam\u017eit\u011b upout\u00e1 pozornost. Zespoda sv\u00edcnu ja vyp\u00edskovan\u00e9<\/p>\n","protected":false},"featured_media":13940,"template":"","meta":[],"product_brand":[153],"product_cat":[91],"product_tag":[],"class_list":{"0":"post-13939","1":"product","2":"type-product","3":"status-publish","4":"has-post-thumbnail","6":"product_brand-eterle-cz","7":"product_cat-prodane","9":"first","10":"outofstock","11":"purchasable","12":"product-type-simple"},"_links":{"self":[{"href":"https:\/\/eterle.cz\/eshop\/wp-json\/wp\/v2\/product\/13939","targetHints":{"allow":["GET"]}}],"collection":[{"href":"https:\/\/eterle.cz\/eshop\/wp-json\/wp\/v2\/product"}],"about":[{"href":"https:\/\/eterle.cz\/eshop\/wp-json\/wp\/v2\/types\/product"}],"version-history":[{"count":0,"href":"https:\/\/eterle.cz\/eshop\/wp-json\/wp\/v2\/product\/13939\/revisions"}],"wp:featuredmedia":[{"embeddable":true,"href":"https:\/\/eterle.cz\/eshop\/wp-json\/wp\/v2\/media\/13940"}],"wp:attachment":[{"href":"https:\/\/eterle.cz\/eshop\/wp-json\/wp\/v2\/media?parent=13939"}],"wp:term":[{"taxonomy":"product_brand","embeddable":true,"href":"https:\/\/eterle.cz\/eshop\/wp-json\/wp\/v2\/product_brand?post=13939"},{"taxonomy":"product_cat","embeddable":true,"href":"https:\/\/eterle.cz\/eshop\/wp-json\/wp\/v2\/product_cat?post=13939"},{"taxonomy":"product_tag","embeddable":true,"href":"https:\/\/eterle.cz\/eshop\/wp-json\/wp\/v2\/product_tag?post=13939"}],"curies":[{"name":"wp","href":"https:\/\/api.w.org\/{rel}","templated":true}]}}