{"id":13960,"date":"2023-08-07T23:04:23","date_gmt":"2023-08-07T21:04:23","guid":{"rendered":"https:\/\/eterle.cz\/eshop\/produkt\/lity-kosicek\/"},"modified":"2026-03-17T22:29:52","modified_gmt":"2026-03-17T21:29:52","slug":"lity-kosicek","status":"publish","type":"product","link":"https:\/\/eterle.cz\/eshop\/produkt\/lity-kosicek\/","title":{"rendered":"Ko\u0161\u00ed\u010dek"},"content":{"rendered":"<p>Ko\u0161\u00ed\u010dek z hutn\u00edho skla v kr\u00e1sn\u00e9 \u017elut\u00e9 barv\u011b p\u016fsob\u00ed velmi elegantn\u011b. M\u016f\u017ee b\u00fdt kr\u00e1sn\u00fdm dopl\u0148kem s\u00e1m o sob\u011b nebo m\u016f\u017ee slou\u017eit na odkl\u00e1d\u00e1n\u00ed \u0161perk\u016f, na o\u0159\u00ed\u0161ky nebo jako v\u00e1za na jeden kv\u011bt.<\/p>\n<p>Stav: dobr\u00fd stav, na jedno boku v prhu zn\u00e1mky od\u0159en\u00ed v d\u00e9lce 3 cm<br \/>\nRozm\u011br<br \/>\nV\u00fd\u0161ka: 20 cm<br \/>\n\u0160\u00ed\u0159ka: 14 cm<\/p>\n","protected":false},"excerpt":{"rendered":"<p>Ko\u0161\u00ed\u010dek z hutn\u00edho skla v kr\u00e1sn\u00e9 \u017elut\u00e9 barv\u011b p\u016fsob\u00ed velmi elegantn\u011b. M\u016f\u017ee b\u00fdt kr\u00e1sn\u00fdm dopl\u0148kem s\u00e1m o sob\u011b nebo m\u016f\u017ee<\/p>\n","protected":false},"featured_media":13961,"template":"","meta":[],"product_brand":[153],"product_cat":[91],"product_tag":[],"class_list":{"0":"post-13960","1":"product","2":"type-product","3":"status-publish","4":"has-post-thumbnail","6":"product_brand-eterle-cz","7":"product_cat-prodane","9":"first","10":"outofstock","11":"purchasable","12":"product-type-simple"},"_links":{"self":[{"href":"https:\/\/eterle.cz\/eshop\/wp-json\/wp\/v2\/product\/13960","targetHints":{"allow":["GET"]}}],"collection":[{"href":"https:\/\/eterle.cz\/eshop\/wp-json\/wp\/v2\/product"}],"about":[{"href":"https:\/\/eterle.cz\/eshop\/wp-json\/wp\/v2\/types\/product"}],"version-history":[{"count":2,"href":"https:\/\/eterle.cz\/eshop\/wp-json\/wp\/v2\/product\/13960\/revisions"}],"predecessor-version":[{"id":35504,"href":"https:\/\/eterle.cz\/eshop\/wp-json\/wp\/v2\/product\/13960\/revisions\/35504"}],"wp:featuredmedia":[{"embeddable":true,"href":"https:\/\/eterle.cz\/eshop\/wp-json\/wp\/v2\/media\/13961"}],"wp:attachment":[{"href":"https:\/\/eterle.cz\/eshop\/wp-json\/wp\/v2\/media?parent=13960"}],"wp:term":[{"taxonomy":"product_brand","embeddable":true,"href":"https:\/\/eterle.cz\/eshop\/wp-json\/wp\/v2\/product_brand?post=13960"},{"taxonomy":"product_cat","embeddable":true,"href":"https:\/\/eterle.cz\/eshop\/wp-json\/wp\/v2\/product_cat?post=13960"},{"taxonomy":"product_tag","embeddable":true,"href":"https:\/\/eterle.cz\/eshop\/wp-json\/wp\/v2\/product_tag?post=13960"}],"curies":[{"name":"wp","href":"https:\/\/api.w.org\/{rel}","templated":true}]}}