{"id":13964,"date":"2023-08-07T23:04:29","date_gmt":"2023-08-07T21:04:29","guid":{"rendered":"https:\/\/eterle.cz\/eshop\/produkt\/mlekovka\/"},"modified":"2026-03-08T20:10:13","modified_gmt":"2026-03-08T19:10:13","slug":"mlekovka","status":"publish","type":"product","link":"https:\/\/eterle.cz\/eshop\/produkt\/mlekovka\/","title":{"rendered":"Ml\u00e9kovka"},"content":{"rendered":"<p>Objemn\u00e1 ml\u00e9kovka buclat\u00e9ho tvaru se zaj\u00edmav\u00fdm detailem na uchu.<\/p>\n<p>Stav: nov\u00e1<br \/>\nRozm\u011br<br \/>\nV\u00fd\u0161ka: 8 cm<br \/>\nObjem: 400 m<\/p>\n","protected":false},"excerpt":{"rendered":"<p>Objemn\u00e1 ml\u00e9kovka buclat\u00e9ho tvaru se zaj\u00edmav\u00fdm detailem na uchu. Stav: nov\u00e1 Rozm\u011br V\u00fd\u0161ka: 8 cm Objem: 400 m<\/p>\n","protected":false},"featured_media":13965,"template":"","meta":[],"product_brand":[153],"product_cat":[76,108],"product_tag":[],"class_list":{"0":"post-13964","1":"product","2":"type-product","3":"status-publish","4":"has-post-thumbnail","6":"product_brand-eterle-cz","7":"product_cat-porcelan","8":"product_cat-cukrenky-a-mlekovky","10":"first","11":"instock","12":"purchasable","13":"product-type-simple"},"_links":{"self":[{"href":"https:\/\/eterle.cz\/eshop\/wp-json\/wp\/v2\/product\/13964","targetHints":{"allow":["GET"]}}],"collection":[{"href":"https:\/\/eterle.cz\/eshop\/wp-json\/wp\/v2\/product"}],"about":[{"href":"https:\/\/eterle.cz\/eshop\/wp-json\/wp\/v2\/types\/product"}],"version-history":[{"count":1,"href":"https:\/\/eterle.cz\/eshop\/wp-json\/wp\/v2\/product\/13964\/revisions"}],"predecessor-version":[{"id":26153,"href":"https:\/\/eterle.cz\/eshop\/wp-json\/wp\/v2\/product\/13964\/revisions\/26153"}],"wp:featuredmedia":[{"embeddable":true,"href":"https:\/\/eterle.cz\/eshop\/wp-json\/wp\/v2\/media\/13965"}],"wp:attachment":[{"href":"https:\/\/eterle.cz\/eshop\/wp-json\/wp\/v2\/media?parent=13964"}],"wp:term":[{"taxonomy":"product_brand","embeddable":true,"href":"https:\/\/eterle.cz\/eshop\/wp-json\/wp\/v2\/product_brand?post=13964"},{"taxonomy":"product_cat","embeddable":true,"href":"https:\/\/eterle.cz\/eshop\/wp-json\/wp\/v2\/product_cat?post=13964"},{"taxonomy":"product_tag","embeddable":true,"href":"https:\/\/eterle.cz\/eshop\/wp-json\/wp\/v2\/product_tag?post=13964"}],"curies":[{"name":"wp","href":"https:\/\/api.w.org\/{rel}","templated":true}]}}