{"id":13968,"date":"2023-08-07T23:04:35","date_gmt":"2023-08-07T21:04:35","guid":{"rendered":"https:\/\/eterle.cz\/eshop\/produkt\/cukrenka\/"},"modified":"2026-03-08T20:10:13","modified_gmt":"2026-03-08T19:10:13","slug":"cukrenka","status":"publish","type":"product","link":"https:\/\/eterle.cz\/eshop\/produkt\/cukrenka\/","title":{"rendered":"Cuk\u0159enka"},"content":{"rendered":"<p>Kulat\u00e1 cuk\u0159enka ve tvaru gran\u00e1tov\u00e9ho jablka se zdobn\u00fdm \u00fachytem na v\u00ed\u010dku.<\/p>\n<p>Stav: nov\u00e1<br \/>\nRozm\u011br<br \/>\nV\u00fd\u0161ka: 20 cm<\/p>\n","protected":false},"excerpt":{"rendered":"<p>Kulat\u00e1 cuk\u0159enka ve tvaru gran\u00e1tov\u00e9ho jablka se zdobn\u00fdm \u00fachytem na v\u00ed\u010dku. Stav: nov\u00e1 Rozm\u011br V\u00fd\u0161ka: 20 cm<\/p>\n","protected":false},"featured_media":13969,"template":"","meta":[],"product_brand":[153],"product_cat":[76,108],"product_tag":[],"class_list":{"0":"post-13968","1":"product","2":"type-product","3":"status-publish","4":"has-post-thumbnail","6":"product_brand-eterle-cz","7":"product_cat-porcelan","8":"product_cat-cukrenky-a-mlekovky","10":"first","11":"instock","12":"purchasable","13":"product-type-simple"},"_links":{"self":[{"href":"https:\/\/eterle.cz\/eshop\/wp-json\/wp\/v2\/product\/13968","targetHints":{"allow":["GET"]}}],"collection":[{"href":"https:\/\/eterle.cz\/eshop\/wp-json\/wp\/v2\/product"}],"about":[{"href":"https:\/\/eterle.cz\/eshop\/wp-json\/wp\/v2\/types\/product"}],"version-history":[{"count":1,"href":"https:\/\/eterle.cz\/eshop\/wp-json\/wp\/v2\/product\/13968\/revisions"}],"predecessor-version":[{"id":26152,"href":"https:\/\/eterle.cz\/eshop\/wp-json\/wp\/v2\/product\/13968\/revisions\/26152"}],"wp:featuredmedia":[{"embeddable":true,"href":"https:\/\/eterle.cz\/eshop\/wp-json\/wp\/v2\/media\/13969"}],"wp:attachment":[{"href":"https:\/\/eterle.cz\/eshop\/wp-json\/wp\/v2\/media?parent=13968"}],"wp:term":[{"taxonomy":"product_brand","embeddable":true,"href":"https:\/\/eterle.cz\/eshop\/wp-json\/wp\/v2\/product_brand?post=13968"},{"taxonomy":"product_cat","embeddable":true,"href":"https:\/\/eterle.cz\/eshop\/wp-json\/wp\/v2\/product_cat?post=13968"},{"taxonomy":"product_tag","embeddable":true,"href":"https:\/\/eterle.cz\/eshop\/wp-json\/wp\/v2\/product_tag?post=13968"}],"curies":[{"name":"wp","href":"https:\/\/api.w.org\/{rel}","templated":true}]}}