{"id":14000,"date":"2023-08-07T23:05:43","date_gmt":"2023-08-07T21:05:43","guid":{"rendered":"https:\/\/eterle.cz\/eshop\/produkt\/sada-na-hrnecku-kavu-pro-6-osob-stara-role\/"},"modified":"2025-02-16T02:54:30","modified_gmt":"2025-02-16T01:54:30","slug":"sada-na-hrnecku-kavu-pro-6-osob-stara-role","status":"publish","type":"product","link":"https:\/\/eterle.cz\/eshop\/produkt\/sada-na-hrnecku-kavu-pro-6-osob-stara-role\/","title":{"rendered":"Sada hrne\u010dk\u016f na k\u00e1vu pro 6 osob \/ Star\u00e1 role"},"content":{"rendered":"<p>Sada \u0161esti \u0161ap\u00f3 s cuk\u0159enkou od jedn\u00e9 z nejstar\u0161\u00edch \u010desk\u00fdch porcel\u00e1nek MZ (Star\u00e1 Role) v roce 2018 znovu, tentokr\u00e1t ji\u017e bohu\u017eel definitivn\u011b, ukon\u010dila v\u00fdrobu. Tento komplet poch\u00e1z\u00ed z 60. let minul\u00e9ho stolet\u00ed, cuk\u0159enka m\u00e1 naprosto typick\u00fd tvar pro tuto dobu a evokuje Je\u0161t\u011bd. Hrne\u010dky jsou p\u0159esn\u011b na espresso.<\/p>\n<p>Stav: v\u00fdborn\u00fd<br \/>\nZna\u010dka: MZ &#8211; Star\u00e1 Role, Czechoslovakia<br \/>\nRozm\u011br<br \/>\nV\u00fd\u0161ka hrne\u010dku: 5 cm<br \/>\nObjem hrne\u010dku: 50 ml<br \/>\nPr\u016fm\u011br pod\u0161\u00e1lku: 10 cm<br \/>\nCuk\u0159enka v\u00fd\u0161ka: 10 cm<br \/>\nCuk\u0159enka pr\u016fm\u011br: 10 cm<\/p>\n","protected":false},"excerpt":{"rendered":"<p>Sada \u0161esti \u0161ap\u00f3 s cuk\u0159enkou od jedn\u00e9 z nejstar\u0161\u00edch \u010desk\u00fdch porcel\u00e1nek MZ (Star\u00e1 Role) v roce 2018 znovu, tentokr\u00e1t ji\u017e<\/p>\n","protected":false},"featured_media":14001,"template":"","meta":[],"product_brand":[153],"product_cat":[91],"product_tag":[],"class_list":{"0":"post-14000","1":"product","2":"type-product","3":"status-publish","4":"has-post-thumbnail","6":"product_brand-eterle-cz","7":"product_cat-prodane","9":"first","10":"outofstock","11":"purchasable","12":"product-type-simple"},"_links":{"self":[{"href":"https:\/\/eterle.cz\/eshop\/wp-json\/wp\/v2\/product\/14000","targetHints":{"allow":["GET"]}}],"collection":[{"href":"https:\/\/eterle.cz\/eshop\/wp-json\/wp\/v2\/product"}],"about":[{"href":"https:\/\/eterle.cz\/eshop\/wp-json\/wp\/v2\/types\/product"}],"version-history":[{"count":0,"href":"https:\/\/eterle.cz\/eshop\/wp-json\/wp\/v2\/product\/14000\/revisions"}],"wp:featuredmedia":[{"embeddable":true,"href":"https:\/\/eterle.cz\/eshop\/wp-json\/wp\/v2\/media\/14001"}],"wp:attachment":[{"href":"https:\/\/eterle.cz\/eshop\/wp-json\/wp\/v2\/media?parent=14000"}],"wp:term":[{"taxonomy":"product_brand","embeddable":true,"href":"https:\/\/eterle.cz\/eshop\/wp-json\/wp\/v2\/product_brand?post=14000"},{"taxonomy":"product_cat","embeddable":true,"href":"https:\/\/eterle.cz\/eshop\/wp-json\/wp\/v2\/product_cat?post=14000"},{"taxonomy":"product_tag","embeddable":true,"href":"https:\/\/eterle.cz\/eshop\/wp-json\/wp\/v2\/product_tag?post=14000"}],"curies":[{"name":"wp","href":"https:\/\/api.w.org\/{rel}","templated":true}]}}