{"id":14011,"date":"2023-08-07T23:06:11","date_gmt":"2023-08-07T21:06:11","guid":{"rendered":"https:\/\/eterle.cz\/eshop\/produkt\/sada-vaza-misa-a-kosicek-d-urbach\/"},"modified":"2025-02-16T02:54:30","modified_gmt":"2025-02-16T01:54:30","slug":"sada-vaza-misa-a-kosicek-d-urbach","status":"publish","type":"product","link":"https:\/\/eterle.cz\/eshop\/produkt\/sada-vaza-misa-a-kosicek-d-urbach\/","title":{"rendered":"Sada v\u00e1za, m\u00edsa a ko\u0161\u00ed\u010dek \/D. Urbach"},"content":{"rendered":"<p>Keramick\u00e1 sada od Ditmara Urbacha poch\u00e1z\u00ed dle tvaru a dekoru abstraktn\u00edho motivu pod glazurou z p\u0159elomu 50. a 60 let minul\u00e9ho stolet\u00ed. Porcel\u00e1nka byla zalo\u017eena v roce 1878 a jej\u00ed produkce byla zam\u011b\u0159ena p\u0159edev\u0161\u00edm na n\u00e1dob\u00ed a selskou majoliku. Sytlov\u011b se bude kr\u00e1sn\u011b hodit do n\u011bjak\u00e9 roubenky \u010di jin\u00e9 \u010desk\u00e9 chalupy.<\/p>\n<p>Stav: v\u00fdborn\u00fd<br \/>\nZna\u010dka: Ditmar Urbach<br \/>\nRozm\u011br<br \/>\nV\u00e1za v\u00fd\u0161ka: 18 cm<br \/>\nV\u00e1za pr\u016fm\u011br: 15 cm<br \/>\nM\u00edsa pr\u016fm\u011bru: 27 cm<br \/>\nKo\u0161\u00ed\u010dek v\u00fd\u0161ka: 15 cm<br \/>\nKo\u0161\u00ed\u010dek \u0161\u00ed\u0159ka: 19 cm<br \/>\nKo\u0161\u00ed\u010dek hloubka: 11 cm<\/p>\n","protected":false},"excerpt":{"rendered":"<p>Keramick\u00e1 sada od Ditmara Urbacha poch\u00e1z\u00ed dle tvaru a dekoru abstraktn\u00edho motivu pod glazurou z p\u0159elomu 50. a 60 let<\/p>\n","protected":false},"featured_media":14012,"template":"","meta":[],"product_brand":[153],"product_cat":[91],"product_tag":[],"class_list":{"0":"post-14011","1":"product","2":"type-product","3":"status-publish","4":"has-post-thumbnail","6":"product_brand-eterle-cz","7":"product_cat-prodane","9":"first","10":"outofstock","11":"purchasable","12":"product-type-simple"},"_links":{"self":[{"href":"https:\/\/eterle.cz\/eshop\/wp-json\/wp\/v2\/product\/14011","targetHints":{"allow":["GET"]}}],"collection":[{"href":"https:\/\/eterle.cz\/eshop\/wp-json\/wp\/v2\/product"}],"about":[{"href":"https:\/\/eterle.cz\/eshop\/wp-json\/wp\/v2\/types\/product"}],"version-history":[{"count":0,"href":"https:\/\/eterle.cz\/eshop\/wp-json\/wp\/v2\/product\/14011\/revisions"}],"wp:featuredmedia":[{"embeddable":true,"href":"https:\/\/eterle.cz\/eshop\/wp-json\/wp\/v2\/media\/14012"}],"wp:attachment":[{"href":"https:\/\/eterle.cz\/eshop\/wp-json\/wp\/v2\/media?parent=14011"}],"wp:term":[{"taxonomy":"product_brand","embeddable":true,"href":"https:\/\/eterle.cz\/eshop\/wp-json\/wp\/v2\/product_brand?post=14011"},{"taxonomy":"product_cat","embeddable":true,"href":"https:\/\/eterle.cz\/eshop\/wp-json\/wp\/v2\/product_cat?post=14011"},{"taxonomy":"product_tag","embeddable":true,"href":"https:\/\/eterle.cz\/eshop\/wp-json\/wp\/v2\/product_tag?post=14011"}],"curies":[{"name":"wp","href":"https:\/\/api.w.org\/{rel}","templated":true}]}}