{"id":14019,"date":"2023-08-07T23:06:29","date_gmt":"2023-08-07T21:06:29","guid":{"rendered":"https:\/\/eterle.cz\/eshop\/produkt\/sapo-3\/"},"modified":"2025-06-24T01:52:35","modified_gmt":"2025-06-23T23:52:35","slug":"sapo-3","status":"publish","type":"product","link":"https:\/\/eterle.cz\/eshop\/produkt\/sapo-3\/","title":{"rendered":"\u0160ap\u00f3"},"content":{"rendered":"<p>Bohat\u011b zdoben\u00e9 a ru\u010dn\u011b malovan\u00e9 \u0161ap\u00f3 p\u0159ipom\u00edn\u00e1 sv\u00fdm dekorem a barevnost\u00ed kosteln\u00ed vitr\u00e1\u017e.<\/p>\n<p>Stav: v\u00fdborn\u00fd<br \/>\nRozm\u011br<br \/>\nV\u00fd\u0161ka: 7,5 cm<br \/>\nObjem: 150 ml<br \/>\nPr\u016fm\u011br pod\u0161\u00e1lku: 14,5 cm<\/p>\n","protected":false},"excerpt":{"rendered":"<p>Bohat\u011b zdoben\u00e9 a ru\u010dn\u011b malovan\u00e9 \u0161ap\u00f3 p\u0159ipom\u00edn\u00e1 sv\u00fdm dekorem a barevnost\u00ed kosteln\u00ed vitr\u00e1\u017e. Stav: v\u00fdborn\u00fd Rozm\u011br V\u00fd\u0161ka: 7,5 cm Objem:<\/p>\n","protected":false},"featured_media":14020,"template":"","meta":[],"product_brand":[153],"product_cat":[76,120],"product_tag":[],"class_list":{"0":"post-14019","1":"product","2":"type-product","3":"status-publish","4":"has-post-thumbnail","6":"product_brand-eterle-cz","7":"product_cat-porcelan","8":"product_cat-hrnecky","10":"first","11":"instock","12":"purchasable","13":"product-type-simple"},"_links":{"self":[{"href":"https:\/\/eterle.cz\/eshop\/wp-json\/wp\/v2\/product\/14019","targetHints":{"allow":["GET"]}}],"collection":[{"href":"https:\/\/eterle.cz\/eshop\/wp-json\/wp\/v2\/product"}],"about":[{"href":"https:\/\/eterle.cz\/eshop\/wp-json\/wp\/v2\/types\/product"}],"version-history":[{"count":1,"href":"https:\/\/eterle.cz\/eshop\/wp-json\/wp\/v2\/product\/14019\/revisions"}],"predecessor-version":[{"id":26148,"href":"https:\/\/eterle.cz\/eshop\/wp-json\/wp\/v2\/product\/14019\/revisions\/26148"}],"wp:featuredmedia":[{"embeddable":true,"href":"https:\/\/eterle.cz\/eshop\/wp-json\/wp\/v2\/media\/14020"}],"wp:attachment":[{"href":"https:\/\/eterle.cz\/eshop\/wp-json\/wp\/v2\/media?parent=14019"}],"wp:term":[{"taxonomy":"product_brand","embeddable":true,"href":"https:\/\/eterle.cz\/eshop\/wp-json\/wp\/v2\/product_brand?post=14019"},{"taxonomy":"product_cat","embeddable":true,"href":"https:\/\/eterle.cz\/eshop\/wp-json\/wp\/v2\/product_cat?post=14019"},{"taxonomy":"product_tag","embeddable":true,"href":"https:\/\/eterle.cz\/eshop\/wp-json\/wp\/v2\/product_tag?post=14019"}],"curies":[{"name":"wp","href":"https:\/\/api.w.org\/{rel}","templated":true}]}}