{"id":14031,"date":"2023-08-07T23:06:49","date_gmt":"2023-08-07T21:06:49","guid":{"rendered":"https:\/\/eterle.cz\/eshop\/produkt\/sapo-pomnenky\/"},"modified":"2025-02-16T02:54:29","modified_gmt":"2025-02-16T01:54:29","slug":"sapo-pomnenky","status":"publish","type":"product","link":"https:\/\/eterle.cz\/eshop\/produkt\/sapo-pomnenky\/","title":{"rendered":"\u0160ap\u00f3 pomn\u011bnky"},"content":{"rendered":"<p>Staro\u017eitn\u00e9 secesn\u00ed \u0161\u00e1lky na \u010daj s velmi \u017e\u00e1dan\u00fdm motivem ru\u010dn\u011b malovan\u00fdch pomn\u011bnek. Hrne\u010dky maj\u00ed atipick\u00fd tvar s reli\u00e9fn\u011b zdobenou spodn\u00ed \u010d\u00e1st\u00ed a kr\u00e1sn\u011b tavrovan\u00fdm uchem. P\u0159i pit\u00ed \u010daje si budete p\u0159ipadat jak na z\u00e1mku.<\/p>\n<p>Stav: dobr\u00fd, zachoval\u00fd, zlat\u00e1 linak m\u00edsty set\u0159ena.<br \/>\nRozm\u011br<br \/>\nV\u00fd\u0161ka: 8 cm<br \/>\nObjem: 125 ml<br \/>\nPr\u016fm\u011br pod\u0161\u00e1lku: 14,5 cm<\/p>\n","protected":false},"excerpt":{"rendered":"<p>Staro\u017eitn\u00e9 secesn\u00ed \u0161\u00e1lky na \u010daj s velmi \u017e\u00e1dan\u00fdm motivem ru\u010dn\u011b malovan\u00fdch pomn\u011bnek. Hrne\u010dky maj\u00ed atipick\u00fd tvar s reli\u00e9fn\u011b zdobenou spodn\u00ed<\/p>\n","protected":false},"featured_media":14032,"template":"","meta":[],"product_brand":[153],"product_cat":[91],"product_tag":[],"class_list":{"0":"post-14031","1":"product","2":"type-product","3":"status-publish","4":"has-post-thumbnail","6":"product_brand-eterle-cz","7":"product_cat-prodane","9":"first","10":"outofstock","11":"purchasable","12":"product-type-simple"},"_links":{"self":[{"href":"https:\/\/eterle.cz\/eshop\/wp-json\/wp\/v2\/product\/14031","targetHints":{"allow":["GET"]}}],"collection":[{"href":"https:\/\/eterle.cz\/eshop\/wp-json\/wp\/v2\/product"}],"about":[{"href":"https:\/\/eterle.cz\/eshop\/wp-json\/wp\/v2\/types\/product"}],"version-history":[{"count":0,"href":"https:\/\/eterle.cz\/eshop\/wp-json\/wp\/v2\/product\/14031\/revisions"}],"wp:featuredmedia":[{"embeddable":true,"href":"https:\/\/eterle.cz\/eshop\/wp-json\/wp\/v2\/media\/14032"}],"wp:attachment":[{"href":"https:\/\/eterle.cz\/eshop\/wp-json\/wp\/v2\/media?parent=14031"}],"wp:term":[{"taxonomy":"product_brand","embeddable":true,"href":"https:\/\/eterle.cz\/eshop\/wp-json\/wp\/v2\/product_brand?post=14031"},{"taxonomy":"product_cat","embeddable":true,"href":"https:\/\/eterle.cz\/eshop\/wp-json\/wp\/v2\/product_cat?post=14031"},{"taxonomy":"product_tag","embeddable":true,"href":"https:\/\/eterle.cz\/eshop\/wp-json\/wp\/v2\/product_tag?post=14031"}],"curies":[{"name":"wp","href":"https:\/\/api.w.org\/{rel}","templated":true}]}}