{"id":14044,"date":"2023-08-07T23:07:09","date_gmt":"2023-08-07T21:07:09","guid":{"rendered":"https:\/\/eterle.cz\/eshop\/produkt\/sapo-5\/"},"modified":"2026-03-30T16:35:45","modified_gmt":"2026-03-30T14:35:45","slug":"sapo-5","status":"publish","type":"product","link":"https:\/\/eterle.cz\/eshop\/produkt\/sapo-5\/","title":{"rendered":"\u0160ap\u00f3"},"content":{"rendered":"<p>Klasick\u00fd vintage \u0161\u00e1lek na \u010daj zdoben\u00fd zlatou linkou a ru\u010dn\u011b malovan\u00fdmi kv\u00edtky v petrolejov\u00e9 barv\u011b. Jsou buclat\u00e9ho tvaru, kter\u00fd m\u016f\u017ee evokovat mohutnost, ve skute\u010dnosti jsou ale z tenk\u00e9ho porcel\u00e1nu.<\/p>\n<p>Stav: dobr\u00fd s patinou, m\u00edsty je zlat\u00e1 linka set\u0159ena<br \/>\nRozm\u011br<br \/>\nV\u00fd\u0161ka: 6 cm<br \/>\nObjem: 220 ml<br \/>\nPr\u016fm\u011br pod\u0161\u00e1lku:15 cm<\/p>\n","protected":false},"excerpt":{"rendered":"<p>Klasick\u00fd vintage \u0161\u00e1lek na \u010daj zdoben\u00fd zlatou linkou a ru\u010dn\u011b malovan\u00fdmi kv\u00edtky v petrolejov\u00e9 barv\u011b. Jsou buclat\u00e9ho tvaru, kter\u00fd m\u016f\u017ee<\/p>\n","protected":false},"featured_media":14045,"template":"","meta":[],"product_brand":[153],"product_cat":[76,120],"product_tag":[],"class_list":{"0":"post-14044","1":"product","2":"type-product","3":"status-publish","4":"has-post-thumbnail","6":"product_brand-eterle-cz","7":"product_cat-porcelan","8":"product_cat-hrnecky","10":"first","11":"instock","12":"purchasable","13":"product-type-simple"},"_links":{"self":[{"href":"https:\/\/eterle.cz\/eshop\/wp-json\/wp\/v2\/product\/14044","targetHints":{"allow":["GET"]}}],"collection":[{"href":"https:\/\/eterle.cz\/eshop\/wp-json\/wp\/v2\/product"}],"about":[{"href":"https:\/\/eterle.cz\/eshop\/wp-json\/wp\/v2\/types\/product"}],"version-history":[{"count":2,"href":"https:\/\/eterle.cz\/eshop\/wp-json\/wp\/v2\/product\/14044\/revisions"}],"predecessor-version":[{"id":35160,"href":"https:\/\/eterle.cz\/eshop\/wp-json\/wp\/v2\/product\/14044\/revisions\/35160"}],"wp:featuredmedia":[{"embeddable":true,"href":"https:\/\/eterle.cz\/eshop\/wp-json\/wp\/v2\/media\/14045"}],"wp:attachment":[{"href":"https:\/\/eterle.cz\/eshop\/wp-json\/wp\/v2\/media?parent=14044"}],"wp:term":[{"taxonomy":"product_brand","embeddable":true,"href":"https:\/\/eterle.cz\/eshop\/wp-json\/wp\/v2\/product_brand?post=14044"},{"taxonomy":"product_cat","embeddable":true,"href":"https:\/\/eterle.cz\/eshop\/wp-json\/wp\/v2\/product_cat?post=14044"},{"taxonomy":"product_tag","embeddable":true,"href":"https:\/\/eterle.cz\/eshop\/wp-json\/wp\/v2\/product_tag?post=14044"}],"curies":[{"name":"wp","href":"https:\/\/api.w.org\/{rel}","templated":true}]}}