{"id":14056,"date":"2023-08-07T23:07:35","date_gmt":"2023-08-07T21:07:35","guid":{"rendered":"https:\/\/eterle.cz\/eshop\/produkt\/snidanova-sada\/"},"modified":"2025-02-16T02:54:28","modified_gmt":"2025-02-16T01:54:28","slug":"snidanova-sada","status":"publish","type":"product","link":"https:\/\/eterle.cz\/eshop\/produkt\/snidanova-sada\/","title":{"rendered":"Sn\u00edda\u0148ov\u00e1 sada"},"content":{"rendered":"<p>Z\u00e1meck\u00e1 sn\u00edda\u0148ov\u00e1 sada zlat\u011b zdobena nepoch\u00e1z\u00ed od stejn\u00e9 porcel\u00e1nky (hrne\u010dek &#8211; Koenigszek Silesia, tal\u00ed\u0159ky &#8211; Schirnding), ale designov\u00e9 k sob\u011b pat\u0159\u00ed a hrne\u010dek i perfektn\u011b pasuje na pod\u0161\u00e1lek.<\/p>\n<p>Stav: v\u00fdborn\u00fd<br \/>\nZna\u010dka: Koenigszek Silesia (hrnek), Schirnding (tal\u00ed\u0159ky)<br \/>\nRozm\u011br<br \/>\nV\u00fd\u0161ka: 6 cm<br \/>\nObjem: cm<br \/>\nPr\u016fm\u011br pod\u0161\u00e1lku: 14 cm<br \/>\nPr\u016fm\u011br dezertn\u00edho tal\u00ed\u0159ku: 18 cm<\/p>\n","protected":false},"excerpt":{"rendered":"<p>Z\u00e1meck\u00e1 sn\u00edda\u0148ov\u00e1 sada zlat\u011b zdobena nepoch\u00e1z\u00ed od stejn\u00e9 porcel\u00e1nky (hrne\u010dek &#8211; Koenigszek Silesia, tal\u00ed\u0159ky &#8211; Schirnding), ale designov\u00e9 k sob\u011b<\/p>\n","protected":false},"featured_media":14057,"template":"","meta":[],"product_brand":[153],"product_cat":[91],"product_tag":[],"class_list":{"0":"post-14056","1":"product","2":"type-product","3":"status-publish","4":"has-post-thumbnail","6":"product_brand-eterle-cz","7":"product_cat-prodane","9":"first","10":"outofstock","11":"purchasable","12":"product-type-simple"},"_links":{"self":[{"href":"https:\/\/eterle.cz\/eshop\/wp-json\/wp\/v2\/product\/14056","targetHints":{"allow":["GET"]}}],"collection":[{"href":"https:\/\/eterle.cz\/eshop\/wp-json\/wp\/v2\/product"}],"about":[{"href":"https:\/\/eterle.cz\/eshop\/wp-json\/wp\/v2\/types\/product"}],"version-history":[{"count":0,"href":"https:\/\/eterle.cz\/eshop\/wp-json\/wp\/v2\/product\/14056\/revisions"}],"wp:featuredmedia":[{"embeddable":true,"href":"https:\/\/eterle.cz\/eshop\/wp-json\/wp\/v2\/media\/14057"}],"wp:attachment":[{"href":"https:\/\/eterle.cz\/eshop\/wp-json\/wp\/v2\/media?parent=14056"}],"wp:term":[{"taxonomy":"product_brand","embeddable":true,"href":"https:\/\/eterle.cz\/eshop\/wp-json\/wp\/v2\/product_brand?post=14056"},{"taxonomy":"product_cat","embeddable":true,"href":"https:\/\/eterle.cz\/eshop\/wp-json\/wp\/v2\/product_cat?post=14056"},{"taxonomy":"product_tag","embeddable":true,"href":"https:\/\/eterle.cz\/eshop\/wp-json\/wp\/v2\/product_tag?post=14056"}],"curies":[{"name":"wp","href":"https:\/\/api.w.org\/{rel}","templated":true}]}}