{"id":14063,"date":"2023-08-07T23:07:47","date_gmt":"2023-08-07T21:07:47","guid":{"rendered":"https:\/\/eterle.cz\/eshop\/produkt\/set-dvou-sapo-rosenthal\/"},"modified":"2025-06-24T01:52:34","modified_gmt":"2025-06-23T23:52:34","slug":"set-dvou-sapo-rosenthal","status":"publish","type":"product","link":"https:\/\/eterle.cz\/eshop\/produkt\/set-dvou-sapo-rosenthal\/","title":{"rendered":"Set dvou \u0161ap\u00f3 \/ Rosenthal"},"content":{"rendered":"<p>Dva \u0161\u00e1lky na espresso s pod\u0161\u00e1lkem z \u0159ady Sanssouci White od n\u011bmeck\u00e9 porcel\u00e1nky Rosenthal.<\/p>\n<p>Stav: nov\u00fd, v origin\u00e1l krabici<br \/>\nZna\u010dka: Rosenthal<br \/>\nRozm\u011br<br \/>\nV\u00fd\u0161ka: 6 cm<br \/>\nObjem: 50 ml<br \/>\nPr\u016fm\u011br pod\u0161\u00e1lku: 11 cm<\/p>\n","protected":false},"excerpt":{"rendered":"<p>Dva \u0161\u00e1lky na espresso s pod\u0161\u00e1lkem z \u0159ady Sanssouci White od n\u011bmeck\u00e9 porcel\u00e1nky Rosenthal. Stav: nov\u00fd, v origin\u00e1l krabici Zna\u010dka:<\/p>\n","protected":false},"featured_media":14064,"template":"","meta":[],"product_brand":[153],"product_cat":[76,101],"product_tag":[],"class_list":{"0":"post-14063","1":"product","2":"type-product","3":"status-publish","4":"has-post-thumbnail","6":"product_brand-eterle-cz","7":"product_cat-porcelan","8":"product_cat-rosenthal","10":"first","11":"instock","12":"purchasable","13":"product-type-simple"},"_links":{"self":[{"href":"https:\/\/eterle.cz\/eshop\/wp-json\/wp\/v2\/product\/14063","targetHints":{"allow":["GET"]}}],"collection":[{"href":"https:\/\/eterle.cz\/eshop\/wp-json\/wp\/v2\/product"}],"about":[{"href":"https:\/\/eterle.cz\/eshop\/wp-json\/wp\/v2\/types\/product"}],"version-history":[{"count":1,"href":"https:\/\/eterle.cz\/eshop\/wp-json\/wp\/v2\/product\/14063\/revisions"}],"predecessor-version":[{"id":26146,"href":"https:\/\/eterle.cz\/eshop\/wp-json\/wp\/v2\/product\/14063\/revisions\/26146"}],"wp:featuredmedia":[{"embeddable":true,"href":"https:\/\/eterle.cz\/eshop\/wp-json\/wp\/v2\/media\/14064"}],"wp:attachment":[{"href":"https:\/\/eterle.cz\/eshop\/wp-json\/wp\/v2\/media?parent=14063"}],"wp:term":[{"taxonomy":"product_brand","embeddable":true,"href":"https:\/\/eterle.cz\/eshop\/wp-json\/wp\/v2\/product_brand?post=14063"},{"taxonomy":"product_cat","embeddable":true,"href":"https:\/\/eterle.cz\/eshop\/wp-json\/wp\/v2\/product_cat?post=14063"},{"taxonomy":"product_tag","embeddable":true,"href":"https:\/\/eterle.cz\/eshop\/wp-json\/wp\/v2\/product_tag?post=14063"}],"curies":[{"name":"wp","href":"https:\/\/api.w.org\/{rel}","templated":true}]}}