{"id":14069,"date":"2023-08-07T23:07:56","date_gmt":"2023-08-07T21:07:56","guid":{"rendered":"https:\/\/eterle.cz\/eshop\/produkt\/hrnecek-na-espresso-rosenthal\/"},"modified":"2026-03-27T21:33:03","modified_gmt":"2026-03-27T20:33:03","slug":"hrnecek-na-espresso-rosenthal","status":"publish","type":"product","link":"https:\/\/eterle.cz\/eshop\/produkt\/hrnecek-na-espresso-rosenthal\/","title":{"rendered":"Hrne\u010dek na espresso \/ Rosenthal"},"content":{"rendered":"<p>Tlustostenn\u00fd hrne\u010dek na espresso s kubistick\u00fdm uchem.<\/p>\n<p>Stav: nov\u00fd<br \/>\nZna\u010dka: Rosenthal<br \/>\nRozm\u011br<br \/>\nV\u00fd\u0161ka: 5 cm<br \/>\nObjem: 50 ml<\/p>\n","protected":false},"excerpt":{"rendered":"<p>Tlustostenn\u00fd hrne\u010dek na espresso s kubistick\u00fdm uchem. Stav: nov\u00fd Zna\u010dka: Rosenthal Rozm\u011br V\u00fd\u0161ka: 5 cm Objem: 50 ml<\/p>\n","protected":false},"featured_media":14070,"template":"","meta":[],"product_brand":[153],"product_cat":[76,120,101],"product_tag":[],"class_list":{"0":"post-14069","1":"product","2":"type-product","3":"status-publish","4":"has-post-thumbnail","6":"product_brand-eterle-cz","7":"product_cat-porcelan","8":"product_cat-hrnecky","9":"product_cat-rosenthal","11":"first","12":"instock","13":"purchasable","14":"product-type-simple"},"_links":{"self":[{"href":"https:\/\/eterle.cz\/eshop\/wp-json\/wp\/v2\/product\/14069","targetHints":{"allow":["GET"]}}],"collection":[{"href":"https:\/\/eterle.cz\/eshop\/wp-json\/wp\/v2\/product"}],"about":[{"href":"https:\/\/eterle.cz\/eshop\/wp-json\/wp\/v2\/types\/product"}],"version-history":[{"count":1,"href":"https:\/\/eterle.cz\/eshop\/wp-json\/wp\/v2\/product\/14069\/revisions"}],"predecessor-version":[{"id":26145,"href":"https:\/\/eterle.cz\/eshop\/wp-json\/wp\/v2\/product\/14069\/revisions\/26145"}],"wp:featuredmedia":[{"embeddable":true,"href":"https:\/\/eterle.cz\/eshop\/wp-json\/wp\/v2\/media\/14070"}],"wp:attachment":[{"href":"https:\/\/eterle.cz\/eshop\/wp-json\/wp\/v2\/media?parent=14069"}],"wp:term":[{"taxonomy":"product_brand","embeddable":true,"href":"https:\/\/eterle.cz\/eshop\/wp-json\/wp\/v2\/product_brand?post=14069"},{"taxonomy":"product_cat","embeddable":true,"href":"https:\/\/eterle.cz\/eshop\/wp-json\/wp\/v2\/product_cat?post=14069"},{"taxonomy":"product_tag","embeddable":true,"href":"https:\/\/eterle.cz\/eshop\/wp-json\/wp\/v2\/product_tag?post=14069"}],"curies":[{"name":"wp","href":"https:\/\/api.w.org\/{rel}","templated":true}]}}