{"id":14089,"date":"2023-08-21T13:05:55","date_gmt":"2023-08-21T11:05:55","guid":{"rendered":"https:\/\/eterle.cz\/eshop\/produkt\/retro-lustr-2\/"},"modified":"2025-02-16T02:53:38","modified_gmt":"2025-02-16T01:53:38","slug":"retro-lustr-2","status":"publish","type":"product","link":"https:\/\/eterle.cz\/eshop\/produkt\/retro-lustr-2\/","title":{"rendered":"Retro lustr"},"content":{"rendered":"<p>Retro lustr panel\u00e1kov\u00e9ho typu ve smetanov\u00e9  (s lehounk\u00fdm n\u00e1dechem sv\u011btle mintov\u00e9) barv\u011b se st\u00ednidly z lit\u00e9ho skla, po kter\u00e9m bude tou\u017eit du\u0161e nejednoho hipstera.<\/p>\n<p>Stav: elektroinstalace p\u016fvodn\u00ed, funk\u010dn\u00ed<br \/>\nRozm\u011br<br \/>\nV\u00fd\u0161ka celkov\u00e1: 37 cm<br \/>\nPr\u016fm\u011br lustru: 38 cm<\/p>\n","protected":false},"excerpt":{"rendered":"<p>Retro lustr panel\u00e1kov\u00e9ho typu ve smetanov\u00e9 (s lehounk\u00fdm n\u00e1dechem sv\u011btle mintov\u00e9) barv\u011b se st\u00ednidly z lit\u00e9ho skla, po kter\u00e9m bude<\/p>\n","protected":false},"featured_media":14090,"template":"","meta":[],"product_brand":[153],"product_cat":[91],"product_tag":[],"class_list":{"0":"post-14089","1":"product","2":"type-product","3":"status-publish","4":"has-post-thumbnail","6":"product_brand-eterle-cz","7":"product_cat-prodane","8":"product_shipping_class-nadrozmerne","10":"first","11":"outofstock","12":"purchasable","13":"product-type-simple"},"_links":{"self":[{"href":"https:\/\/eterle.cz\/eshop\/wp-json\/wp\/v2\/product\/14089","targetHints":{"allow":["GET"]}}],"collection":[{"href":"https:\/\/eterle.cz\/eshop\/wp-json\/wp\/v2\/product"}],"about":[{"href":"https:\/\/eterle.cz\/eshop\/wp-json\/wp\/v2\/types\/product"}],"version-history":[{"count":0,"href":"https:\/\/eterle.cz\/eshop\/wp-json\/wp\/v2\/product\/14089\/revisions"}],"wp:featuredmedia":[{"embeddable":true,"href":"https:\/\/eterle.cz\/eshop\/wp-json\/wp\/v2\/media\/14090"}],"wp:attachment":[{"href":"https:\/\/eterle.cz\/eshop\/wp-json\/wp\/v2\/media?parent=14089"}],"wp:term":[{"taxonomy":"product_brand","embeddable":true,"href":"https:\/\/eterle.cz\/eshop\/wp-json\/wp\/v2\/product_brand?post=14089"},{"taxonomy":"product_cat","embeddable":true,"href":"https:\/\/eterle.cz\/eshop\/wp-json\/wp\/v2\/product_cat?post=14089"},{"taxonomy":"product_tag","embeddable":true,"href":"https:\/\/eterle.cz\/eshop\/wp-json\/wp\/v2\/product_tag?post=14089"}],"curies":[{"name":"wp","href":"https:\/\/api.w.org\/{rel}","templated":true}]}}