{"id":14095,"date":"2023-08-21T13:06:09","date_gmt":"2023-08-21T11:06:09","guid":{"rendered":"https:\/\/eterle.cz\/eshop\/produkt\/retro-lustr-ii\/"},"modified":"2025-02-16T02:53:38","modified_gmt":"2025-02-16T01:53:38","slug":"retro-lustr-ii","status":"publish","type":"product","link":"https:\/\/eterle.cz\/eshop\/produkt\/retro-lustr-ii\/","title":{"rendered":"Retro lustr II"},"content":{"rendered":"<p>Retro lustr na dlouh\u00e9 kovov\u00e9 ty\u010di se t\u0159emi jednoduch\u00fdmi lit\u00fdmi st\u00ednidly je vhodn\u00fd do m\u00edstnosti s vysok\u00fdm stropem.<\/p>\n<p>Stav: nov\u00e1 elektroinstalace, ty\u010d nese zn\u00e1mky koroze<br \/>\nRozm\u011br<br \/>\nV\u00fd\u0161ka celkov\u00e1: 88 cm<br \/>\nPr\u016fm\u011br lustru: 44 cm<\/p>\n","protected":false},"excerpt":{"rendered":"<p>Retro lustr na dlouh\u00e9 kovov\u00e9 ty\u010di se t\u0159emi jednoduch\u00fdmi lit\u00fdmi st\u00ednidly je vhodn\u00fd do m\u00edstnosti s vysok\u00fdm stropem. Stav: nov\u00e1<\/p>\n","protected":false},"featured_media":14096,"template":"","meta":[],"product_brand":[153],"product_cat":[91],"product_tag":[],"class_list":{"0":"post-14095","1":"product","2":"type-product","3":"status-publish","4":"has-post-thumbnail","6":"product_brand-eterle-cz","7":"product_cat-prodane","8":"product_shipping_class-nadrozmerne","10":"first","11":"outofstock","12":"purchasable","13":"product-type-simple"},"_links":{"self":[{"href":"https:\/\/eterle.cz\/eshop\/wp-json\/wp\/v2\/product\/14095","targetHints":{"allow":["GET"]}}],"collection":[{"href":"https:\/\/eterle.cz\/eshop\/wp-json\/wp\/v2\/product"}],"about":[{"href":"https:\/\/eterle.cz\/eshop\/wp-json\/wp\/v2\/types\/product"}],"version-history":[{"count":0,"href":"https:\/\/eterle.cz\/eshop\/wp-json\/wp\/v2\/product\/14095\/revisions"}],"wp:featuredmedia":[{"embeddable":true,"href":"https:\/\/eterle.cz\/eshop\/wp-json\/wp\/v2\/media\/14096"}],"wp:attachment":[{"href":"https:\/\/eterle.cz\/eshop\/wp-json\/wp\/v2\/media?parent=14095"}],"wp:term":[{"taxonomy":"product_brand","embeddable":true,"href":"https:\/\/eterle.cz\/eshop\/wp-json\/wp\/v2\/product_brand?post=14095"},{"taxonomy":"product_cat","embeddable":true,"href":"https:\/\/eterle.cz\/eshop\/wp-json\/wp\/v2\/product_cat?post=14095"},{"taxonomy":"product_tag","embeddable":true,"href":"https:\/\/eterle.cz\/eshop\/wp-json\/wp\/v2\/product_tag?post=14095"}],"curies":[{"name":"wp","href":"https:\/\/api.w.org\/{rel}","templated":true}]}}