{"id":14103,"date":"2023-08-21T13:06:23","date_gmt":"2023-08-21T11:06:23","guid":{"rendered":"https:\/\/eterle.cz\/eshop\/produkt\/lustr-talir-4\/"},"modified":"2025-02-16T02:53:38","modified_gmt":"2025-02-16T01:53:38","slug":"lustr-talir-4","status":"publish","type":"product","link":"https:\/\/eterle.cz\/eshop\/produkt\/lustr-talir-4\/","title":{"rendered":"Lustr tal\u00ed\u0159"},"content":{"rendered":"<p>Retro lustr &#8222;tal\u00ed\u0159&#8220; v bruselsk\u00e9m stylu z 60 let. Sklen\u011bn\u00e9 st\u00ednidlo ve tvaru trs\u00e1tka s abstraktn\u00edm vzorem s punt\u00edky ve smetanov\u00e9 barv\u011b v kombinaci s kovovou ty\u010d\u00ed. 250 V, 3 x 40 W<\/p>\n<p>Stav: elektroinstalace p\u016fvodn\u00ed, funk\u010dn\u00ed<br \/>\nRozm\u011br<br \/>\nV\u00fd\u0161ka celkov\u00e1: 56 cm<br \/>\nPr\u016fm\u011br lustru: 46 cm<\/p>\n","protected":false},"excerpt":{"rendered":"<p>Retro lustr &#8222;tal\u00ed\u0159&#8220; v bruselsk\u00e9m stylu z 60 let. Sklen\u011bn\u00e9 st\u00ednidlo ve tvaru trs\u00e1tka s abstraktn\u00edm vzorem s punt\u00edky ve<\/p>\n","protected":false},"featured_media":14104,"template":"","meta":[],"product_brand":[153],"product_cat":[91],"product_tag":[],"class_list":{"0":"post-14103","1":"product","2":"type-product","3":"status-publish","4":"has-post-thumbnail","6":"product_brand-eterle-cz","7":"product_cat-prodane","8":"product_shipping_class-nadrozmerne","10":"first","11":"outofstock","12":"purchasable","13":"product-type-simple"},"_links":{"self":[{"href":"https:\/\/eterle.cz\/eshop\/wp-json\/wp\/v2\/product\/14103","targetHints":{"allow":["GET"]}}],"collection":[{"href":"https:\/\/eterle.cz\/eshop\/wp-json\/wp\/v2\/product"}],"about":[{"href":"https:\/\/eterle.cz\/eshop\/wp-json\/wp\/v2\/types\/product"}],"version-history":[{"count":1,"href":"https:\/\/eterle.cz\/eshop\/wp-json\/wp\/v2\/product\/14103\/revisions"}],"predecessor-version":[{"id":17574,"href":"https:\/\/eterle.cz\/eshop\/wp-json\/wp\/v2\/product\/14103\/revisions\/17574"}],"wp:featuredmedia":[{"embeddable":true,"href":"https:\/\/eterle.cz\/eshop\/wp-json\/wp\/v2\/media\/14104"}],"wp:attachment":[{"href":"https:\/\/eterle.cz\/eshop\/wp-json\/wp\/v2\/media?parent=14103"}],"wp:term":[{"taxonomy":"product_brand","embeddable":true,"href":"https:\/\/eterle.cz\/eshop\/wp-json\/wp\/v2\/product_brand?post=14103"},{"taxonomy":"product_cat","embeddable":true,"href":"https:\/\/eterle.cz\/eshop\/wp-json\/wp\/v2\/product_cat?post=14103"},{"taxonomy":"product_tag","embeddable":true,"href":"https:\/\/eterle.cz\/eshop\/wp-json\/wp\/v2\/product_tag?post=14103"}],"curies":[{"name":"wp","href":"https:\/\/api.w.org\/{rel}","templated":true}]}}