{"id":14110,"date":"2023-08-21T13:06:36","date_gmt":"2023-08-21T11:06:36","guid":{"rendered":"https:\/\/eterle.cz\/eshop\/produkt\/lustr-talir-5\/"},"modified":"2025-02-16T02:53:37","modified_gmt":"2025-02-16T01:53:37","slug":"lustr-talir-5","status":"publish","type":"product","link":"https:\/\/eterle.cz\/eshop\/produkt\/lustr-talir-5\/","title":{"rendered":"Lustr tal\u00ed\u0159"},"content":{"rendered":"<p>Retro lustr &#8222;tal\u00ed\u0159&#8220; v bruselsk\u00e9m stylu z 60 let. Sklen\u011bn\u00e9 st\u00ednidlo s pastelov\u00fdm \u017eluto-\u0161ed\u00fdm \u0161rafov\u00e1n\u00edm, kter\u00e9 vytv\u00e1\u0159\u00ed kr\u00e1sn\u00fd vzor typick\u00fd pro tuto dobu. 250 V, 3 x 40 W<\/p>\n<p>Stav: elektroinstalace p\u016fvodn\u00ed, funk\u010dn\u00ed<br \/>\nRozm\u011br<br \/>\nV\u00fd\u0161ka celkov\u00e1: 46 cm<br \/>\nPr\u016fm\u011br lustru: 50 cm<\/p>\n","protected":false},"excerpt":{"rendered":"<p>Retro lustr &#8222;tal\u00ed\u0159&#8220; v bruselsk\u00e9m stylu z 60 let. Sklen\u011bn\u00e9 st\u00ednidlo s pastelov\u00fdm \u017eluto-\u0161ed\u00fdm \u0161rafov\u00e1n\u00edm, kter\u00e9 vytv\u00e1\u0159\u00ed kr\u00e1sn\u00fd vzor typick\u00fd<\/p>\n","protected":false},"featured_media":14111,"template":"","meta":[],"product_brand":[153],"product_cat":[91],"product_tag":[],"class_list":{"0":"post-14110","1":"product","2":"type-product","3":"status-publish","4":"has-post-thumbnail","6":"product_brand-eterle-cz","7":"product_cat-prodane","8":"product_shipping_class-nadrozmerne","10":"first","11":"outofstock","12":"purchasable","13":"product-type-simple"},"_links":{"self":[{"href":"https:\/\/eterle.cz\/eshop\/wp-json\/wp\/v2\/product\/14110","targetHints":{"allow":["GET"]}}],"collection":[{"href":"https:\/\/eterle.cz\/eshop\/wp-json\/wp\/v2\/product"}],"about":[{"href":"https:\/\/eterle.cz\/eshop\/wp-json\/wp\/v2\/types\/product"}],"version-history":[{"count":0,"href":"https:\/\/eterle.cz\/eshop\/wp-json\/wp\/v2\/product\/14110\/revisions"}],"wp:featuredmedia":[{"embeddable":true,"href":"https:\/\/eterle.cz\/eshop\/wp-json\/wp\/v2\/media\/14111"}],"wp:attachment":[{"href":"https:\/\/eterle.cz\/eshop\/wp-json\/wp\/v2\/media?parent=14110"}],"wp:term":[{"taxonomy":"product_brand","embeddable":true,"href":"https:\/\/eterle.cz\/eshop\/wp-json\/wp\/v2\/product_brand?post=14110"},{"taxonomy":"product_cat","embeddable":true,"href":"https:\/\/eterle.cz\/eshop\/wp-json\/wp\/v2\/product_cat?post=14110"},{"taxonomy":"product_tag","embeddable":true,"href":"https:\/\/eterle.cz\/eshop\/wp-json\/wp\/v2\/product_tag?post=14110"}],"curies":[{"name":"wp","href":"https:\/\/api.w.org\/{rel}","templated":true}]}}