{"id":14129,"date":"2023-08-21T13:07:20","date_gmt":"2023-08-21T11:07:20","guid":{"rendered":"https:\/\/eterle.cz\/eshop\/produkt\/lustr-bubliny\/"},"modified":"2025-03-03T18:38:03","modified_gmt":"2025-03-03T17:38:03","slug":"lustr-bubliny","status":"publish","type":"product","link":"https:\/\/eterle.cz\/eshop\/produkt\/lustr-bubliny\/","title":{"rendered":"Lustr bubliny"},"content":{"rendered":"<p>Unik\u00e1tn\u00ed lustr ve tvaru koule s plastick\u00fdm vzorem bublin. Jeho nezvykl\u00fd vzhled zaujme v modern\u00edm i retro interi\u00e9ru. Kombinace kovu a op\u00e1lov\u00e9ho skla.<\/p>\n<p>Stav: nov\u00e1 elektroinstalace, kov nese m\u00edsty zn\u00e1mky koroze<br \/>\nRozm\u011br<br \/>\nV\u00fd\u0161ka celkov\u00e1: 70 cm<br \/>\nPr\u016fm\u011br lustru: 23 cm<br \/>\nV\u00fd\u0161ka st\u00ednidla: 23 cm<\/p>\n","protected":false},"excerpt":{"rendered":"<p>Unik\u00e1tn\u00ed lustr ve tvaru koule s plastick\u00fdm vzorem bublin. Jeho nezvykl\u00fd vzhled zaujme v modern\u00edm i retro interi\u00e9ru. Kombinace kovu<\/p>\n","protected":false},"featured_media":14130,"template":"","meta":[],"product_brand":[153],"product_cat":[91],"product_tag":[],"class_list":{"0":"post-14129","1":"product","2":"type-product","3":"status-publish","4":"has-post-thumbnail","6":"product_brand-eterle-cz","7":"product_cat-prodane","8":"product_shipping_class-nadrozmerne","10":"first","11":"outofstock","12":"purchasable","13":"product-type-simple"},"_links":{"self":[{"href":"https:\/\/eterle.cz\/eshop\/wp-json\/wp\/v2\/product\/14129","targetHints":{"allow":["GET"]}}],"collection":[{"href":"https:\/\/eterle.cz\/eshop\/wp-json\/wp\/v2\/product"}],"about":[{"href":"https:\/\/eterle.cz\/eshop\/wp-json\/wp\/v2\/types\/product"}],"version-history":[{"count":1,"href":"https:\/\/eterle.cz\/eshop\/wp-json\/wp\/v2\/product\/14129\/revisions"}],"predecessor-version":[{"id":17341,"href":"https:\/\/eterle.cz\/eshop\/wp-json\/wp\/v2\/product\/14129\/revisions\/17341"}],"wp:featuredmedia":[{"embeddable":true,"href":"https:\/\/eterle.cz\/eshop\/wp-json\/wp\/v2\/media\/14130"}],"wp:attachment":[{"href":"https:\/\/eterle.cz\/eshop\/wp-json\/wp\/v2\/media?parent=14129"}],"wp:term":[{"taxonomy":"product_brand","embeddable":true,"href":"https:\/\/eterle.cz\/eshop\/wp-json\/wp\/v2\/product_brand?post=14129"},{"taxonomy":"product_cat","embeddable":true,"href":"https:\/\/eterle.cz\/eshop\/wp-json\/wp\/v2\/product_cat?post=14129"},{"taxonomy":"product_tag","embeddable":true,"href":"https:\/\/eterle.cz\/eshop\/wp-json\/wp\/v2\/product_tag?post=14129"}],"curies":[{"name":"wp","href":"https:\/\/api.w.org\/{rel}","templated":true}]}}