{"id":14135,"date":"2023-08-21T13:07:31","date_gmt":"2023-08-21T11:07:31","guid":{"rendered":"https:\/\/eterle.cz\/eshop\/produkt\/stahovaci-plechovy-lustr\/"},"modified":"2025-06-24T01:52:34","modified_gmt":"2025-06-23T23:52:34","slug":"stahovaci-plechovy-lustr","status":"publish","type":"product","link":"https:\/\/eterle.cz\/eshop\/produkt\/stahovaci-plechovy-lustr\/","title":{"rendered":"Stahovac\u00ed plechov\u00fd lustr"},"content":{"rendered":"<p>Atypick\u00fd plechov\u00fd lustr industri\u00e1ln\u00edho typu na stahovac\u00ed \u0161\u0148\u016f\u0159e.<\/p>\n<p>Stav: elektroinstalace p\u016fvodn\u00ed, funk\u010dn\u00ed<br \/>\nRozm\u011br<br \/>\nV\u00fd\u0161ka nejkrat\u0161\u00ed: 55 cm, nejdel\u0161\u00ed 115 cm<br \/>\nPr\u016fm\u011br lustru: 40 cm<\/p>\n","protected":false},"excerpt":{"rendered":"<p>Atypick\u00fd plechov\u00fd lustr industri\u00e1ln\u00edho typu na stahovac\u00ed \u0161\u0148\u016f\u0159e. Stav: elektroinstalace p\u016fvodn\u00ed, funk\u010dn\u00ed Rozm\u011br V\u00fd\u0161ka nejkrat\u0161\u00ed: 55 cm, nejdel\u0161\u00ed 115 cm<\/p>\n","protected":false},"featured_media":14136,"template":"","meta":[],"product_brand":[153],"product_cat":[79,140],"product_tag":[],"class_list":{"0":"post-14135","1":"product","2":"type-product","3":"status-publish","4":"has-post-thumbnail","6":"product_brand-eterle-cz","7":"product_cat-svetla","8":"product_cat-lustry","9":"product_shipping_class-nadrozmerne","11":"first","12":"instock","13":"purchasable","14":"product-type-simple"},"_links":{"self":[{"href":"https:\/\/eterle.cz\/eshop\/wp-json\/wp\/v2\/product\/14135","targetHints":{"allow":["GET"]}}],"collection":[{"href":"https:\/\/eterle.cz\/eshop\/wp-json\/wp\/v2\/product"}],"about":[{"href":"https:\/\/eterle.cz\/eshop\/wp-json\/wp\/v2\/types\/product"}],"version-history":[{"count":1,"href":"https:\/\/eterle.cz\/eshop\/wp-json\/wp\/v2\/product\/14135\/revisions"}],"predecessor-version":[{"id":26144,"href":"https:\/\/eterle.cz\/eshop\/wp-json\/wp\/v2\/product\/14135\/revisions\/26144"}],"wp:featuredmedia":[{"embeddable":true,"href":"https:\/\/eterle.cz\/eshop\/wp-json\/wp\/v2\/media\/14136"}],"wp:attachment":[{"href":"https:\/\/eterle.cz\/eshop\/wp-json\/wp\/v2\/media?parent=14135"}],"wp:term":[{"taxonomy":"product_brand","embeddable":true,"href":"https:\/\/eterle.cz\/eshop\/wp-json\/wp\/v2\/product_brand?post=14135"},{"taxonomy":"product_cat","embeddable":true,"href":"https:\/\/eterle.cz\/eshop\/wp-json\/wp\/v2\/product_cat?post=14135"},{"taxonomy":"product_tag","embeddable":true,"href":"https:\/\/eterle.cz\/eshop\/wp-json\/wp\/v2\/product_tag?post=14135"}],"curies":[{"name":"wp","href":"https:\/\/api.w.org\/{rel}","templated":true}]}}