{"id":14196,"date":"2023-08-21T13:09:42","date_gmt":"2023-08-21T11:09:42","guid":{"rendered":"https:\/\/eterle.cz\/eshop\/produkt\/kuchynsky-stahovaci-lustr\/"},"modified":"2025-02-16T02:53:33","modified_gmt":"2025-02-16T01:53:33","slug":"kuchynsky-stahovaci-lustr","status":"publish","type":"product","link":"https:\/\/eterle.cz\/eshop\/produkt\/kuchynsky-stahovaci-lustr\/","title":{"rendered":"Kuchy\u0148sk\u00fd stahovac\u00ed lustr"},"content":{"rendered":"<p>Kuchy\u0148sk\u00fd stahovac\u00ed lustr v kr\u00e1sn\u00e9 r\u016f\u017eovo mramorov\u00e9 barv\u011b vhodn\u00fd na chalupu \u010di do retro kuchyn\u011b nad j\u00eddeln\u00ed st\u016fl.<\/p>\n<p>Stav: velmi dobr\u00fd, pouze porcel\u00e1nov\u00e1 krytka stropn\u00edho uchycen\u00ed je v jednom m\u00edst\u011b lehce vy\u0161t\u00edpnut\u00e1. Elektroinstalace p\u016fvodn\u00ed, funk\u010dn\u00ed<br \/>\nRozm\u011br<br \/>\nV\u00fd\u0161ka celkov\u00e1: v pr\u016fm\u011bru 70 cm, lze je\u0161t\u011b zkr\u00e1tit\/prodlou\u017eit<br \/>\n\u0160\u00ed\u0159ka st\u00ednidla: 25 cm<\/p>\n","protected":false},"excerpt":{"rendered":"<p>Kuchy\u0148sk\u00fd stahovac\u00ed lustr v kr\u00e1sn\u00e9 r\u016f\u017eovo mramorov\u00e9 barv\u011b vhodn\u00fd na chalupu \u010di do retro kuchyn\u011b nad j\u00eddeln\u00ed st\u016fl. Stav: velmi<\/p>\n","protected":false},"featured_media":14197,"template":"","meta":[],"product_brand":[153],"product_cat":[91],"product_tag":[],"class_list":{"0":"post-14196","1":"product","2":"type-product","3":"status-publish","4":"has-post-thumbnail","6":"product_brand-eterle-cz","7":"product_cat-prodane","8":"product_shipping_class-nadrozmerne","10":"first","11":"outofstock","12":"purchasable","13":"product-type-simple"},"_links":{"self":[{"href":"https:\/\/eterle.cz\/eshop\/wp-json\/wp\/v2\/product\/14196","targetHints":{"allow":["GET"]}}],"collection":[{"href":"https:\/\/eterle.cz\/eshop\/wp-json\/wp\/v2\/product"}],"about":[{"href":"https:\/\/eterle.cz\/eshop\/wp-json\/wp\/v2\/types\/product"}],"version-history":[{"count":0,"href":"https:\/\/eterle.cz\/eshop\/wp-json\/wp\/v2\/product\/14196\/revisions"}],"wp:featuredmedia":[{"embeddable":true,"href":"https:\/\/eterle.cz\/eshop\/wp-json\/wp\/v2\/media\/14197"}],"wp:attachment":[{"href":"https:\/\/eterle.cz\/eshop\/wp-json\/wp\/v2\/media?parent=14196"}],"wp:term":[{"taxonomy":"product_brand","embeddable":true,"href":"https:\/\/eterle.cz\/eshop\/wp-json\/wp\/v2\/product_brand?post=14196"},{"taxonomy":"product_cat","embeddable":true,"href":"https:\/\/eterle.cz\/eshop\/wp-json\/wp\/v2\/product_cat?post=14196"},{"taxonomy":"product_tag","embeddable":true,"href":"https:\/\/eterle.cz\/eshop\/wp-json\/wp\/v2\/product_tag?post=14196"}],"curies":[{"name":"wp","href":"https:\/\/api.w.org\/{rel}","templated":true}]}}